{"id":1135,"date":"2021-05-04T19:43:03","date_gmt":"2021-05-04T17:43:03","guid":{"rendered":"http:\/\/ameigadasareas.com\/apartment-hostel-on-the-banks-of-the-rias-baixas\/"},"modified":"2024-03-05T18:25:27","modified_gmt":"2024-03-05T16:25:27","slug":"apartment-hostel-on-the-banks-of-the-rias-baixas","status":"publish","type":"page","link":"https:\/\/ameigadasareas.com\/en\/","title":{"rendered":"Home"},"content":{"rendered":"<p>[et_pb_section fb_built=&#8221;1&#8243; _builder_version=&#8221;4.15&#8243; _module_preset=&#8221;default&#8221; background_image=&#8221;http:\/\/ameigadasareas.com\/wp-content\/uploads\/2021\/05\/fondo-home.jpg&#8221; parallax=&#8221;on&#8221; custom_css_main_element=&#8221;min-height:90vh;||display:flex;||flex-direction:column;&#8221; custom_css_after=&#8221;content: %22%22;||position: absolute;||top: 0;||left: 0;||width: 100%;||height: 100%;|| background: linear-gradient(0deg, rgba(41,41,41,0.3) 0%, rgba(255,255,255,0.6) 30%,rgba(255,255,255,0.3) 80% ,rgba(30,30,30,0.7) 100%);||  z-index: 0;&#8221; global_colors_info=&#8221;{}&#8221;][et_pb_row _builder_version=&#8221;4.15&#8243; _module_preset=&#8221;default&#8221; custom_margin=&#8221;17px|auto|17px|auto|true|&#8221; global_colors_info=&#8221;{}&#8221;][et_pb_column type=&#8221;4_4&#8243; _builder_version=&#8221;4.15&#8243; _module_preset=&#8221;default&#8221; global_colors_info=&#8221;{}&#8221;][et_pb_text _builder_version=&#8221;4.15&#8243; _module_preset=&#8221;default&#8221; header_font=&#8221;||on||||||&#8221; header_text_color=&#8221;#288A9D&#8221; custom_margin=&#8221;||0px||false|false&#8221; custom_padding=&#8221;0px||0px||false|false&#8221; animation_style=&#8221;slide&#8221; animation_direction=&#8221;top&#8221; animation_intensity_slide=&#8221;3%&#8221; header_line_height_tablet=&#8221;1.1em&#8221; header_line_height_phone=&#8221;&#8221; header_line_height_last_edited=&#8221;on|tablet&#8221; global_colors_info=&#8221;{}&#8221;]<\/p>\n<h1 style=\"text-align: center;\">A meiga das areas<\/h1>\n<p>[\/et_pb_text][et_pb_text admin_label=&#8221;Text&#8221; _builder_version=&#8221;4.15.1&#8243; _module_preset=&#8221;default&#8221; header_2_text_color=&#8221;#288A9D&#8221; header_2_font_size=&#8221;25px&#8221; animation_style=&#8221;slide&#8221; animation_direction=&#8221;bottom&#8221; animation_delay=&#8221;200ms&#8221; animation_intensity_slide=&#8221;11%&#8221; global_colors_info=&#8221;{}&#8221;]<\/p>\n<h2 style=\"text-align: center;\">Luxurious apartments in Playa Am\u00e9rica, Nigr\u00e1n &#8211; R\u00edas Baixas<\/h2>\n<p>[\/et_pb_text][et_pb_image src=&#8221;http:\/\/ameigadasareas.com\/wp-content\/uploads\/2021\/10\/onda2.svg&#8221; alt=&#8221;onda separador&#8221; title_text=&#8221;onda2&#8243; align=&#8221;center&#8221; _builder_version=&#8221;4.15&#8243; _module_preset=&#8221;default&#8221; width=&#8221;26%&#8221; max_height=&#8221;170px&#8221; animation_style=&#8221;zoom&#8221; animation_direction=&#8221;top&#8221; global_colors_info=&#8221;{}&#8221;][\/et_pb_image][\/et_pb_column][\/et_pb_row][et_pb_row _builder_version=&#8221;4.15&#8243; _module_preset=&#8221;default&#8221; custom_margin=&#8221;|auto|0px|auto|false|false&#8221; custom_padding=&#8221;||0px||false|false&#8221; global_colors_info=&#8221;{}&#8221;][et_pb_column type=&#8221;4_4&#8243; _builder_version=&#8221;4.15&#8243; _module_preset=&#8221;default&#8221; global_colors_info=&#8221;{}&#8221;][et_pb_text _builder_version=&#8221;4.15.1&#8243; _module_preset=&#8221;default&#8221; header_3_font=&#8221;||||||||&#8221; header_3_text_color=&#8221;#FFFFFF&#8221; header_3_font_size=&#8221;27px&#8221; animation_style=&#8221;fade&#8221; animation_duration=&#8221;600ms&#8221; animation_delay=&#8221;300ms&#8221; hover_enabled=&#8221;0&#8243; text_text_shadow_style=&#8221;preset5&#8243; global_colors_info=&#8221;{}&#8221; sticky_enabled=&#8221;0&#8243; text_text_shadow_color=&#8221;#000000&#8243;]<\/p>\n<h3 style=\"text-align: center;\">Do you want to book or do you have any questions?<\/h3>\n<p>[\/et_pb_text][\/et_pb_column][\/et_pb_row][et_pb_row column_structure=&#8221;1_2,1_2&#8243; use_custom_gutter=&#8221;on&#8221; gutter_width=&#8221;2&#8243; _builder_version=&#8221;4.15&#8243; _module_preset=&#8221;default&#8221; custom_margin=&#8221;3px|auto|27px|auto||&#8221; custom_padding=&#8221;11px|||||&#8221; animation_style=&#8221;fade&#8221; animation_delay=&#8221;600ms&#8221; custom_css_main_element=&#8221;display:flex;&#8221; global_colors_info=&#8221;{}&#8221;][et_pb_column type=&#8221;1_2&#8243; _builder_version=&#8221;4.15&#8243; _module_preset=&#8221;default&#8221; custom_padding=&#8221;|5px||5px|false|true&#8221; global_colors_info=&#8221;{}&#8221;][et_pb_button button_url=&#8221;tel:681010872&#8243; button_text=&#8221;Call us&#8221; button_alignment=&#8221;right&#8221; button_alignment_tablet=&#8221;right&#8221; button_alignment_phone=&#8221;&#8221; button_alignment_last_edited=&#8221;on|tablet&#8221; _builder_version=&#8221;4.15.1&#8243; _module_preset=&#8221;default&#8221; custom_button=&#8221;on&#8221; button_text_color=&#8221;#FFFFFF&#8221; button_bg_color=&#8221;rgba(40,138,157,0.52)&#8221; button_border_width=&#8221;0px&#8221; button_border_radius=&#8221;0px&#8221; button_icon=&#8221;&#xe00b;||divi||400&#8243; button_icon_placement=&#8221;left&#8221; button_on_hover=&#8221;off&#8221; custom_padding=&#8221;|20px||40px|false|false&#8221; button_text_color_last_edited=&#8221;off|desktop&#8221; global_colors_info=&#8221;{}&#8221; button_bg_color__hover_enabled=&#8221;on|desktop&#8221; button_bg_color__hover=&#8221;rgba(40,138,157,0.8)&#8221; button_bg_enable_color__hover=&#8221;on&#8221; button_text_color__hover_enabled=&#8221;on|hover&#8221; button_text_color__hover=&#8221;#FFFFFF&#8221;][\/et_pb_button][\/et_pb_column][et_pb_column type=&#8221;1_2&#8243; _builder_version=&#8221;4.15&#8243; _module_preset=&#8221;default&#8221; custom_padding=&#8221;|0px||0px|false|true&#8221; custom_padding_tablet=&#8221;&#8221; custom_padding_phone=&#8221;&#8221; custom_padding_last_edited=&#8221;on|phone&#8221; global_colors_info=&#8221;{}&#8221;][et_pb_button button_url=&#8221;mailto:info@ameigadasareas.com&#8221; button_text=&#8221;Write to us&#8221; button_alignment=&#8221;left&#8221; _builder_version=&#8221;4.15.1&#8243; _module_preset=&#8221;default&#8221; custom_button=&#8221;on&#8221; button_text_color=&#8221;#FFFFFF&#8221; button_bg_color=&#8221;rgba(40,138,157,0.52)&#8221; button_border_width=&#8221;0px&#8221; button_border_radius=&#8221;0px&#8221; button_icon=&#8221;&#x6a;||divi||400&#8243; button_icon_placement=&#8221;left&#8221; button_on_hover=&#8221;off&#8221; custom_padding=&#8221;|20px||40px|false|false&#8221; hover_enabled=&#8221;0&#8243; global_colors_info=&#8221;{}&#8221; button_bg_color__hover_enabled=&#8221;on|desktop&#8221; button_bg_color__hover=&#8221;rgba(40,138,157,0.8)&#8221; button_bg_enable_color__hover=&#8221;on&#8221; sticky_enabled=&#8221;0&#8243;][\/et_pb_button][\/et_pb_column][\/et_pb_row][\/et_pb_section][et_pb_section fb_built=&#8221;1&#8243; custom_padding_last_edited=&#8221;on|tablet&#8221; _builder_version=&#8221;4.15&#8243; _module_preset=&#8221;default&#8221; background_color=&#8221;#FFFFFF&#8221; custom_padding=&#8221;||189px|||&#8221; custom_padding_tablet=&#8221;||0px||false|false&#8221; custom_padding_phone=&#8221;&#8221; global_colors_info=&#8221;{}&#8221;][et_pb_row _builder_version=&#8221;4.15&#8243; _module_preset=&#8221;default&#8221; custom_padding=&#8221;83px|||||&#8221; global_colors_info=&#8221;{}&#8221;][et_pb_column type=&#8221;4_4&#8243; _builder_version=&#8221;4.15&#8243; _module_preset=&#8221;default&#8221; global_colors_info=&#8221;{}&#8221;][et_pb_text admin_label=&#8221;Introducci\u00f3n&#8221; _builder_version=&#8221;4.15.1&#8243; _module_preset=&#8221;default&#8221; background_color=&#8221;#FFFFFF&#8221; positioning=&#8221;relative&#8221; position_origin_a_last_edited=&#8221;off|desktop&#8221; position_origin_f_last_edited=&#8221;off|desktop&#8221; position_origin_r_last_edited=&#8221;off|desktop&#8221; max_width=&#8221;600px&#8221; module_alignment=&#8221;left&#8221; custom_margin=&#8221;24px||||false|false&#8221; custom_padding=&#8221;35px|35px|35px|35px|true|true&#8221; custom_padding_last_edited=&#8221;off|desktop&#8221; animation_style=&#8221;slide&#8221; animation_direction=&#8221;left&#8221; animation_intensity_slide=&#8221;2%&#8221; positioning_last_edited=&#8221;off|desktop&#8221; module_alignment_tablet=&#8221;center&#8221; module_alignment_phone=&#8221;&#8221; module_alignment_last_edited=&#8221;on|desktop&#8221; global_colors_info=&#8221;{}&#8221;]<\/p>\n<p><strong>A Meiga das Areas Apartments<\/strong> are located in Playa Am\u00e9rica, Nigr\u00e1n (Pontevedra).<\/p>\n<p>Our apartments <strong>are ideal for families and couples<\/strong> looking for peace and relaxation in a natural and wonderful seaside environment.<\/p>\n<p>Top quality apartments with modern design and every comfort for 1, 2, 3 or 4 people.<\/p>\n<p><strong>Playa Am\u00e9rica<\/strong> is one of the most spectacular beaches in the R\u00edas Baixas, with almost 2,5 kilometers of fine white sand and <strong>is just 30 meters from our apartments.<\/strong><\/p>\n<p>[\/et_pb_text][et_pb_image src=&#8221;https:\/\/ameigadasareas.com\/wp-content\/uploads\/2021\/07\/A-Meiga-das-Areas-Apartamento-A4-101.jpg&#8221; title_text=&#8221;A-Meiga-das-Areas-Apartamento-A4-101&#8243; align=&#8221;right&#8221; align_tablet=&#8221;center&#8221; align_phone=&#8221;&#8221; align_last_edited=&#8221;on|tablet&#8221; admin_label=&#8221;Foto mariscadora&#8221; _builder_version=&#8221;4.15.1&#8243; _module_preset=&#8221;default&#8221; positioning=&#8221;absolute&#8221; position_origin_a=&#8221;top_right&#8221; horizontal_offset=&#8221;-117px&#8221; z_index=&#8221;-1&#8243; position_origin_a_tablet=&#8221;&#8221; position_origin_a_phone=&#8221;&#8221; position_origin_a_last_edited=&#8221;on|tablet&#8221; position_origin_f_tablet=&#8221;&#8221; position_origin_f_phone=&#8221;&#8221; position_origin_f_last_edited=&#8221;on|tablet&#8221; position_origin_r_tablet=&#8221;&#8221; position_origin_r_phone=&#8221;&#8221; position_origin_r_last_edited=&#8221;on|tablet&#8221; width=&#8221;100%&#8221; max_width=&#8221;66%&#8221; max_width_tablet=&#8221;100%&#8221; max_width_phone=&#8221;&#8221; max_width_last_edited=&#8221;on|tablet&#8221; animation_direction=&#8221;right&#8221; scroll_horizontal_motion=&#8221;0|50|50|100|-1|0|1&#8243; scroll_scaling_enable=&#8221;on&#8221; scroll_scaling=&#8221;0|50|50|100|105%|100|95%&#8221; positioning_tablet=&#8221;none&#8221; positioning_phone=&#8221;&#8221; positioning_last_edited=&#8221;on|desktop&#8221; global_colors_info=&#8221;{}&#8221;][\/et_pb_image][\/et_pb_column][\/et_pb_row][\/et_pb_section][et_pb_section fb_built=&#8221;1&#8243; _builder_version=&#8221;4.15&#8243; _module_preset=&#8221;default&#8221; background_color=&#8221;#FFFFFF&#8221; custom_padding=&#8221;0px||||false|false&#8221; global_colors_info=&#8221;{}&#8221;][et_pb_row _builder_version=&#8221;4.15&#8243; _module_preset=&#8221;default&#8221; background_color=&#8221;#f3f1ed&#8221; background_enable_color=&#8221;off&#8221; width=&#8221;100%&#8221; max_width=&#8221;1920px&#8221; module_alignment=&#8221;center&#8221; custom_padding=&#8221;40px||||false|false&#8221; saved_tabs=&#8221;all&#8221; global_colors_info=&#8221;{}&#8221;][et_pb_column type=&#8221;4_4&#8243; _builder_version=&#8221;4.15&#8243; _module_preset=&#8221;default&#8221; global_colors_info=&#8221;{}&#8221;][et_pb_text module_class=&#8221;lust&#8221; _builder_version=&#8221;4.15.1&#8243; _module_preset=&#8221;default&#8221; header_3_line_height=&#8221;1.1em&#8221; max_width_tablet=&#8221;59%&#8221; max_width_phone=&#8221;&#8221; max_width_last_edited=&#8221;on|tablet&#8221; custom_padding=&#8221;36px||||false|false&#8221; animation_style=&#8221;slide&#8221; animation_direction=&#8221;top&#8221; animation_intensity_slide=&#8221;4%&#8221; global_colors_info=&#8221;{}&#8221;]<\/p>\n<h3 style=\"text-align: center;\">Apartments on the banks of the R\u00edas Baixas<\/h3>\n<p>[\/et_pb_text][dsm_post_carousel post_type=&#8221;project&#8221; use_overlay=&#8221;on&#8221; overlay_icon_color=&#8221;#288a9d&#8221; hover_overlay_color=&#8221;rgba(255,255,255,0.73)&#8221; thumbnail_img_type=&#8221;contain&#8221; use_date=&#8221;off&#8221; meta_date=&#8221;j M,Y&#8221; use_author=&#8221;off&#8221; use_readmore=&#8221;on&#8221; readmore_text=&#8221;More info&#8221; columns=&#8221;2&#8243; speed=&#8221;2601&#8243; autoplay_speed=&#8221;6001&#8243; post_equal_height=&#8221;on&#8221; post_item_bg_color=&#8221;RGBA(0,0,0,0)&#8221; columns_tablet=&#8221;&#8221; columns_phone=&#8221;1&#8243; columns_last_edited=&#8221;on|phone&#8221; module_class=&#8221;lust&#8221; _builder_version=&#8221;4.15.1&#8243; _module_preset=&#8221;default&#8221; title_font=&#8221;||on||||||&#8221; title_font_size=&#8221;33px&#8221; title_line_height=&#8221;1em&#8221; body_font_size=&#8221;20px&#8221; body_line_height=&#8221;1.2em&#8221; background_color=&#8221;RGBA(0,0,0,0)&#8221; custom_readmore=&#8221;on&#8221; readmore_text_size=&#8221;14px&#8221; readmore_text_color=&#8221;#FFFFFF&#8221; readmore_bg_color=&#8221;#288A9D&#8221; readmore_border_width=&#8221;0px&#8221; readmore_border_radius=&#8221;0px&#8221; width=&#8221;80%&#8221; module_alignment=&#8221;center&#8221; animation_style=&#8221;slide&#8221; animation_direction=&#8221;left&#8221; animation_intensity_slide=&#8221;2%&#8221; global_colors_info=&#8221;{}&#8221;][\/dsm_post_carousel][\/et_pb_column][\/et_pb_row][\/et_pb_section][et_pb_section fb_built=&#8221;1&#8243; _builder_version=&#8221;4.15&#8243; _module_preset=&#8221;default&#8221; background_enable_color=&#8221;off&#8221; background_color_gradient_direction=&#8221;90deg&#8221; background_image=&#8221;https:\/\/ameigadasareas.com\/wp-content\/uploads\/2021\/06\/rectangulo-arena.svg&#8221; background_size=&#8221;initial&#8221; custom_margin=&#8221;||0px||false|false&#8221; custom_padding=&#8221;||0px||false|false&#8221; global_colors_info=&#8221;{}&#8221;][et_pb_row column_structure=&#8221;1_2,1_2&#8243; _builder_version=&#8221;4.15&#8243; _module_preset=&#8221;default&#8221; global_colors_info=&#8221;{}&#8221;][et_pb_column type=&#8221;1_2&#8243; _builder_version=&#8221;4.15&#8243; _module_preset=&#8221;default&#8221; global_colors_info=&#8221;{}&#8221;][et_pb_text _builder_version=&#8221;4.15.1&#8243; _module_preset=&#8221;default&#8221; custom_margin=&#8221;0px||0px||false|false&#8221; custom_padding=&#8221;120px||0px||false|false&#8221; custom_padding_tablet=&#8221;0px||0px||false|false&#8221; custom_padding_phone=&#8221;&#8221; custom_padding_last_edited=&#8221;on|tablet&#8221; global_colors_info=&#8221;{}&#8221;]<\/p>\n<h2>Discover<\/h2>\n<p>[\/et_pb_text][et_pb_divider divider_weight=&#8221;2px&#8221; _builder_version=&#8221;4.15&#8243; _module_preset=&#8221;default&#8221; max_width=&#8221;21%&#8221; module_alignment=&#8221;left&#8221; custom_margin=&#8221;||||false|false&#8221; custom_padding=&#8221;||||false|false&#8221; scroll_horizontal_motion_enable=&#8221;on&#8221; scroll_horizontal_motion=&#8221;0|50|50|100|-1|0|1&#8243; global_colors_info=&#8221;{}&#8221;][\/et_pb_divider][et_pb_text _builder_version=&#8221;4.15.1&#8243; _module_preset=&#8221;default&#8221; width=&#8221;72%&#8221; scroll_vertical_motion_enable=&#8221;on&#8221; scroll_vertical_motion=&#8221;0|50|50|100|2|1|0&#8243; scroll_vertical_motion_tablet=&#8221;0|50|50|100|1|0|0&#8243; scroll_vertical_motion_phone=&#8221;&#8221; scroll_vertical_motion_last_edited=&#8221;on|tablet&#8221; global_colors_info=&#8221;{}&#8221;]<\/p>\n<p>Boats are no longer the sole banner of nautical leisure today. Sea-related fun has new names, ranging from sporting activities to scuba diving for pure enjoyment to enjoy the scenery beneath the surface of the estuary.<\/p>\n<p><span>The name and the interior design itself represent a tribute to our maritime history and the matriarchal culture promoted by shellfish harvesters. For generations, these women have maintained the economy and social cohesion of the fishing families of our Val Mi\u00f1or region, extracting from the sands and rocks the marine delicacies that today are enjoyed all over the world. N\u00e9lida is one of those unforgettable pioneers.<\/span><\/p>\n<p>&nbsp;<\/p>\n<p>[\/et_pb_text][\/et_pb_column][et_pb_column type=&#8221;1_2&#8243; _builder_version=&#8221;4.15&#8243; _module_preset=&#8221;default&#8221; global_colors_info=&#8221;{}&#8221;][et_pb_image src=&#8221;http:\/\/ameigadasareas.com\/wp-content\/uploads\/2021\/05\/ameiga-navegando.jpg&#8221; alt=&#8221;A Meiga das Areas | En familia&#8221; title_text=&#8221;Navega con A Meiga&#8221; force_fullwidth=&#8221;on&#8221; _builder_version=&#8221;4.15&#8243; _module_preset=&#8221;default&#8221; global_colors_info=&#8221;{}&#8221;][\/et_pb_image][\/et_pb_column][\/et_pb_row][et_pb_row column_structure=&#8221;1_2,1_2&#8243; use_custom_gutter=&#8221;on&#8221; gutter_width=&#8221;2&#8243; _builder_version=&#8221;4.15&#8243; _module_preset=&#8221;default&#8221; global_colors_info=&#8221;{}&#8221;][et_pb_column type=&#8221;1_2&#8243; _builder_version=&#8221;4.15&#8243; _module_preset=&#8221;default&#8221; global_colors_info=&#8221;{}&#8221;][et_pb_image src=&#8221;http:\/\/ameigadasareas.com\/wp-content\/uploads\/2021\/07\/Pulpo-de-las-Rias-Galegas.jpg&#8221; title_text=&#8221;Pulpo de las R\u00edas Galegas&#8221; align=&#8221;right&#8221; _builder_version=&#8221;4.15&#8243; _module_preset=&#8221;default&#8221; width=&#8221;100%&#8221; scroll_vertical_motion_enable=&#8221;on&#8221; scroll_vertical_motion=&#8221;0|50|50|100|1|0|-1&#8243; global_colors_info=&#8221;{}&#8221;][\/et_pb_image][\/et_pb_column][et_pb_column type=&#8221;1_2&#8243; _builder_version=&#8221;4.15&#8243; _module_preset=&#8221;default&#8221; global_colors_info=&#8221;{}&#8221;][et_pb_image src=&#8221;http:\/\/ameigadasareas.com\/wp-content\/uploads\/2021\/07\/En-familia.jpeg&#8221; alt=&#8221;A Meiga das Areas | En familia&#8221; title_text=&#8221;En familia&#8221; align=&#8221;right&#8221; align_tablet=&#8221;center&#8221; align_phone=&#8221;&#8221; align_last_edited=&#8221;on|tablet&#8221; _builder_version=&#8221;4.15&#8243; _module_preset=&#8221;default&#8221; global_colors_info=&#8221;{}&#8221;][\/et_pb_image][\/et_pb_column][\/et_pb_row][et_pb_row _builder_version=&#8221;4.15&#8243; _module_preset=&#8221;default&#8221; custom_padding=&#8221;7px||250px|||&#8221; global_colors_info=&#8221;{}&#8221;][et_pb_column type=&#8221;4_4&#8243; _builder_version=&#8221;4.15&#8243; _module_preset=&#8221;default&#8221; global_colors_info=&#8221;{}&#8221;][et_pb_image src=&#8221;http:\/\/ameigadasareas.com\/wp-content\/uploads\/2021\/06\/separador-vertical.svg&#8221; alt=&#8221;A Meiga das Areas | En familia&#8221; title_text=&#8221;separador-vertical&#8221; align=&#8221;center&#8221; _builder_version=&#8221;4.15&#8243; _module_preset=&#8221;default&#8221; vertical_offset=&#8221;-182px&#8221; max_width=&#8221;39%&#8221; custom_margin=&#8221;-64px||5px||false|false&#8221; custom_padding=&#8221;||29px|||&#8221; animation_style=&#8221;fold&#8221; animation_direction=&#8221;bottom&#8221; global_colors_info=&#8221;{}&#8221;][\/et_pb_image][et_pb_text _builder_version=&#8221;4.15.1&#8243; _module_preset=&#8221;default&#8221; width=&#8221;50%&#8221; custom_padding=&#8221;40px|||||&#8221; animation_style=&#8221;slide&#8221; animation_direction=&#8221;bottom&#8221; animation_intensity_slide=&#8221;6%&#8221; global_colors_info=&#8221;{}&#8221;]<\/p>\n<p>Everything here is splashed by the sea. It splashes the dishes Julio eats on a terrace, soaks the wetsuits of swimmer Mar\u00eda and kayaker Xiana, and with small drops it accentuates the tan of Mou, who spends his afternoons sunbathing on the sand of the beach.<\/p>\n<p>[\/et_pb_text][\/et_pb_column][\/et_pb_row][\/et_pb_section]<\/p>\n","protected":false},"excerpt":{"rendered":"<p>A meiga das areasLuxurious apartments in Playa Am\u00e9rica, Nigr\u00e1n &#8211; R\u00edas BaixasDo you want to book or do you have any questions?A Meiga das Areas Apartments are located in Playa Am\u00e9rica, Nigr\u00e1n (Pontevedra). Our apartments are ideal for families and couples looking for peace and relaxation in a natural and wonderful seaside environment. Top quality [&hellip;]<\/p>\n","protected":false},"author":1,"featured_media":0,"parent":0,"menu_order":0,"comment_status":"closed","ping_status":"closed","template":"","meta":{"_et_pb_use_builder":"on","_et_pb_old_content":"","_et_gb_content_width":"","footnotes":"","_joinchat":[]},"_links":{"self":[{"href":"https:\/\/ameigadasareas.com\/en\/wp-json\/wp\/v2\/pages\/1135"}],"collection":[{"href":"https:\/\/ameigadasareas.com\/en\/wp-json\/wp\/v2\/pages"}],"about":[{"href":"https:\/\/ameigadasareas.com\/en\/wp-json\/wp\/v2\/types\/page"}],"author":[{"embeddable":true,"href":"https:\/\/ameigadasareas.com\/en\/wp-json\/wp\/v2\/users\/1"}],"replies":[{"embeddable":true,"href":"https:\/\/ameigadasareas.com\/en\/wp-json\/wp\/v2\/comments?post=1135"}],"version-history":[{"count":16,"href":"https:\/\/ameigadasareas.com\/en\/wp-json\/wp\/v2\/pages\/1135\/revisions"}],"predecessor-version":[{"id":1403,"href":"https:\/\/ameigadasareas.com\/en\/wp-json\/wp\/v2\/pages\/1135\/revisions\/1403"}],"wp:attachment":[{"href":"https:\/\/ameigadasareas.com\/en\/wp-json\/wp\/v2\/media?parent=1135"}],"curies":[{"name":"wp","href":"https:\/\/api.w.org\/{rel}","templated":true}]}}