{"id":1131,"date":"2021-06-17T17:14:19","date_gmt":"2021-06-17T15:14:19","guid":{"rendered":"http:\/\/ameigadasareas.com\/legende\/"},"modified":"2022-11-29T11:36:18","modified_gmt":"2022-11-29T09:36:18","slug":"legende","status":"publish","type":"page","link":"https:\/\/ameigadasareas.com\/fr\/legende\/","title":{"rendered":"Legende"},"content":{"rendered":"<p>[et_pb_section fb_built=\u00a0\u00bb1&Prime; _builder_version=\u00a0\u00bb4.9.7&Prime; _module_preset=\u00a0\u00bbdefault\u00a0\u00bb background_image=\u00a0\u00bbhttp:\/\/ameigadasareas.com\/wp-content\/uploads\/2021\/06\/mariscadoras-ameiga-das-areas.jpg\u00a0\u00bb parallax=\u00a0\u00bbon\u00a0\u00bb custom_margin=\u00a0\u00bb0px||0px||false|false\u00a0\u00bb custom_padding=\u00a0\u00bb0px||0px||false|false\u00a0\u00bb hover_enabled=\u00a0\u00bb0&Prime; custom_css_main_element=\u00a0\u00bbheight:80vh;||display:flex;||align-items:center;\u00a0\u00bb title_text=\u00a0\u00bbmariscadoras-ameiga-das-areas\u00a0\u00bb sticky_enabled=\u00a0\u00bb0&Prime;][et_pb_row _builder_version=\u00a0\u00bb4.9.7&Prime; _module_preset=\u00a0\u00bbdefault\u00a0\u00bb][et_pb_column type=\u00a0\u00bb4_4&Prime; _builder_version=\u00a0\u00bb4.9.7&Prime; _module_preset=\u00a0\u00bbdefault\u00a0\u00bb][et_pb_text module_class=\u00a0\u00bblust\u00a0\u00bb _builder_version=\u00a0\u00bb4.9.7&Prime; _module_preset=\u00a0\u00bbdefault\u00a0\u00bb header_font_size=\u00a0\u00bb3em\u00a0\u00bb header_line_height=\u00a0\u00bb1.1em\u00a0\u00bb width=\u00a0\u00bb75%\u00a0\u00bb width_tablet=\u00a0\u00bb\u00a0\u00bb width_phone=\u00a0\u00bb\u00a0\u00bb width_last_edited=\u00a0\u00bbon|phone\u00a0\u00bb animation_style=\u00a0\u00bbslide\u00a0\u00bb animation_direction=\u00a0\u00bbtop\u00a0\u00bb animation_intensity_slide=\u00a0\u00bb4%\u00a0\u00bb header_font_size_tablet=\u00a0\u00bb\u00a0\u00bb header_font_size_phone=\u00a0\u00bb2.7em\u00a0\u00bb header_font_size_last_edited=\u00a0\u00bbon|phone\u00a0\u00bb]<\/p>\n<h1 style=\"text-align: center;\"><span style=\"color: #ffffff;\">Rasqueta, sacho, gancha, ra\u00f1o, angazo, fisga, rastro\u2026 sont des armes de femmes<\/span><\/h1>\n<p>[\/et_pb_text][\/et_pb_column][\/et_pb_row][\/et_pb_section][et_pb_section fb_built=\u00a0\u00bb1&Prime; _builder_version=\u00a0\u00bb4.9.7&Prime; _module_preset=\u00a0\u00bbdefault\u00a0\u00bb custom_padding=\u00a0\u00bb24px||92px|||\u00a0\u00bb][et_pb_row custom_padding_last_edited=\u00a0\u00bbon|tablet\u00a0\u00bb _builder_version=\u00a0\u00bb4.9.7&Prime; _module_preset=\u00a0\u00bbdefault\u00a0\u00bb custom_padding=\u00a0\u00bb||94px|||\u00a0\u00bb custom_padding_tablet=\u00a0\u00bb||0px||false|false\u00a0\u00bb custom_padding_phone=\u00a0\u00bb\u00a0\u00bb][et_pb_column type=\u00a0\u00bb4_4&Prime; _builder_version=\u00a0\u00bb4.9.7&Prime; _module_preset=\u00a0\u00bbdefault\u00a0\u00bb][et_pb_text quote_border_weight=\u00a0\u00bb0px\u00a0\u00bb _builder_version=\u00a0\u00bb4.9.7&Prime; _module_preset=\u00a0\u00bbdefault\u00a0\u00bb quote_font=\u00a0\u00bbLora||on||||||\u00a0\u00bb quote_text_align=\u00a0\u00bbcenter\u00a0\u00bb quote_text_color=\u00a0\u00bb#288A9D\u00a0\u00bb quote_font_size=\u00a0\u00bb27px\u00a0\u00bb width=\u00a0\u00bb59%\u00a0\u00bb width_tablet=\u00a0\u00bb\u00a0\u00bb width_phone=\u00a0\u00bb\u00a0\u00bb width_last_edited=\u00a0\u00bbon|phone\u00a0\u00bb custom_margin=\u00a0\u00bb||66px|||\u00a0\u00bb animation_style=\u00a0\u00bbslide\u00a0\u00bb animation_direction=\u00a0\u00bbbottom\u00a0\u00bb animation_delay=\u00a0\u00bb250ms\u00a0\u00bb animation_intensity_slide=\u00a0\u00bb6%\u00a0\u00bb quote_text_align_tablet=\u00a0\u00bbleft\u00a0\u00bb quote_text_align_phone=\u00a0\u00bb\u00a0\u00bb quote_text_align_last_edited=\u00a0\u00bbon|tablet\u00a0\u00bb]<\/p>\n<blockquote><p>\nDes femmes incassables comme N\u00e9lida, une meiga das areas, ont gouvern\u00e9 les familles de marins de Val Mi\u00f1or.\n<\/p><\/blockquote>\n<p>[\/et_pb_text][et_pb_text _builder_version=\u00a0\u00bb4.9.7&Prime; _module_preset=\u00a0\u00bbdefault\u00a0\u00bb custom_margin=\u00a0\u00bb||30px|||\u00a0\u00bb]<\/p>\n<p style=\"text-align: left;\">A la fin des ann\u00e9es 60, Simone de Beauvoir publie \u00ab\u00a0La femme rompue\u00a0\u00bb pour d\u00e9noncer les in\u00e9galit\u00e9s au sein du couple. En ces temps d&rsquo;oppression, \u00e0 1598 kilom\u00e8tres de Paris, une femme, sautait entre les pierres de l&rsquo;Atlantique, un crochet de fer \u00e0 la main pour attraper une paire de pieuvres habitu\u00e9es aux c\u00f4tes rudes du cap Silleiro. Il fut un temps o\u00f9 ces femmes comme N\u00e9lida, la \u00ab sorci\u00e8re des sables \u00bb, r\u00e9gnaient sur les familles de p\u00eacheurs du Val Mi\u00f1or, determin\u00e9e, elles soulevaient les pousse-pied, ramassaient des palourdes avec un crochet ou surprenaient des couteaux de mer dans les eaux de Panxon. L&rsquo;expression d&rsquo;\u00e9mancipation f\u00e9minine, tant \u00e0 la mode aujourd&rsquo;hui, \u00e9tait incarn\u00e9e \u00e0 cette \u00e9poque par des femmes portant des bottes de pluie, un fichu sur la t\u00eate et, au milieu, une panoplie d&rsquo;\u00e9quipements. Il fut un temps dans cette r\u00e9gion o\u00f9, pour chaque homme qui partait du port, une femme s\u2019\u00e9lan\u00e7ait dans le sable, d\u00e9fiant les mar\u00e9es, se d\u00e9sarticulant le dos charg\u00e9 de ferraille imbib\u00e9e de sel. Ami visiteur, ces belles plages offrent aussi un visage d\u2019abn\u00e9gation et de d\u00e9vouement dans les froides et fortes mers de l&rsquo;hiver.<\/p>\n<p>[\/et_pb_text][\/et_pb_column][\/et_pb_row][et_pb_row _builder_version=\u00a0\u00bb4.9.2&Prime; _module_preset=\u00a0\u00bbdefault\u00a0\u00bb][et_pb_column type=\u00a0\u00bb4_4&Prime; _builder_version=\u00a0\u00bb4.9.2&Prime; _module_preset=\u00a0\u00bbdefault\u00a0\u00bb][et_pb_text quote_border_weight=\u00a0\u00bb0px\u00a0\u00bb _builder_version=\u00a0\u00bb4.9.7&Prime; _module_preset=\u00a0\u00bbdefault\u00a0\u00bb quote_font=\u00a0\u00bbLora||on||||||\u00a0\u00bb quote_text_align=\u00a0\u00bbcenter\u00a0\u00bb quote_text_color=\u00a0\u00bb#288A9D\u00a0\u00bb quote_font_size=\u00a0\u00bb27px\u00a0\u00bb width=\u00a0\u00bb59%\u00a0\u00bb]<\/p>\n<blockquote>\n<p>La terre pour ceux qui la travaillent et les pousse-pied pour ceux qui sont munis d\u2019un couteau, c&rsquo;\u00e9tait l&rsquo;id\u00e9e dominante quand la mer \u00e9tait g\u00e9n\u00e9reuse et qu&rsquo;il ne manquait rien \u00e0 personne. Il n&rsquo;y avait pas de taxe, mais il n&rsquo;y avait pas de droits non plus, pour les pionniers des fruits de mer comme Nelida<\/p>\n<\/blockquote>\n<p>[\/et_pb_text][et_pb_text admin_label=\u00a0\u00bbIntroducci\u00f3n\u00a0\u00bb _builder_version=\u00a0\u00bb4.9.7&Prime; _module_preset=\u00a0\u00bbdefault\u00a0\u00bb background_color=\u00a0\u00bb#FFFFFF\u00a0\u00bb width_tablet=\u00a0\u00bb\u00a0\u00bb width_phone=\u00a0\u00bb\u00a0\u00bb width_last_edited=\u00a0\u00bbon|phone\u00a0\u00bb max_width=\u00a0\u00bb600px\u00a0\u00bb module_alignment=\u00a0\u00bbleft\u00a0\u00bb custom_margin=\u00a0\u00bb24px||||false|false\u00a0\u00bb custom_padding=\u00a0\u00bb35px|35px|35px|35px|true|true\u00a0\u00bb custom_padding_tablet=\u00a0\u00bb39px|0px|39px|0px|true|true\u00a0\u00bb custom_padding_phone=\u00a0\u00bb\u00a0\u00bb custom_padding_last_edited=\u00a0\u00bbon|tablet\u00a0\u00bb animation_style=\u00a0\u00bbslide\u00a0\u00bb animation_direction=\u00a0\u00bbleft\u00a0\u00bb animation_intensity_slide=\u00a0\u00bb2%\u00a0\u00bb module_alignment_tablet=\u00a0\u00bb\u00a0\u00bb module_alignment_phone=\u00a0\u00bb\u00a0\u00bb module_alignment_last_edited=\u00a0\u00bbon|desktop\u00a0\u00bb]<\/p>\n<p>Connue depuis les pierres de Baredo jusqu&rsquo;au rocher le plus infini des \u00eeles Estelas, N\u00e9lida a commenc\u00e9 \u00e0 travailler lorsque les coquillages \u00e9taient un cadeau de la mer pour les habitants qui s&rsquo;effor\u00e7aient de les ramasser. Il n&rsquo;y avait pas de l\u00e9gislation, et il n&rsquo;y en avait pas besoin ; l&rsquo;\u00c9tat n&rsquo;avait pas besoin de s&rsquo;aventurer dans ces eaux. La terre pour ceux qui la travaillent et les pousse-pied pour ceux qui sont munis d\u2019un couteau, c&rsquo;\u00e9tait l&rsquo;id\u00e9e dominante quand la mer \u00e9tait g\u00e9n\u00e9reuse et qu&rsquo;il ne manquait rien \u00e0 personne. Des d\u00e9cennies et des d\u00e9crets plus tard, elle continuera d&rsquo;\u00eatre aussi aim\u00e9e tant des braconniers que des gardes-p\u00eache.<\/p>\n<p>[\/et_pb_text][et_pb_image src=\u00a0\u00bbhttp:\/\/ameigadasareas.com\/wp-content\/uploads\/2021\/06\/mariscadora.jpg\u00a0\u00bb title_text=\u00a0\u00bbmariscadora\u00a0\u00bb show_bottom_space=\u00a0\u00bboff\u00a0\u00bb admin_label=\u00a0\u00bbFoto mariscadora\u00a0\u00bb _builder_version=\u00a0\u00bb4.9.7&Prime; _module_preset=\u00a0\u00bbdefault\u00a0\u00bb positioning=\u00a0\u00bbabsolute\u00a0\u00bb position_origin_a=\u00a0\u00bbtop_right\u00a0\u00bb z_index=\u00a0\u00bb-1&Prime; position_origin_a_tablet=\u00a0\u00bb\u00a0\u00bb position_origin_a_phone=\u00a0\u00bb\u00a0\u00bb position_origin_a_last_edited=\u00a0\u00bbon|tablet\u00a0\u00bb position_origin_f_tablet=\u00a0\u00bb\u00a0\u00bb position_origin_f_phone=\u00a0\u00bb\u00a0\u00bb position_origin_f_last_edited=\u00a0\u00bbon|tablet\u00a0\u00bb position_origin_r_tablet=\u00a0\u00bb\u00a0\u00bb position_origin_r_phone=\u00a0\u00bb\u00a0\u00bb position_origin_r_last_edited=\u00a0\u00bbon|tablet\u00a0\u00bb width=\u00a0\u00bb100%\u00a0\u00bb max_width=\u00a0\u00bb66%\u00a0\u00bb max_width_tablet=\u00a0\u00bb100%\u00a0\u00bb max_width_phone=\u00a0\u00bb\u00a0\u00bb max_width_last_edited=\u00a0\u00bbon|tablet\u00a0\u00bb animation_direction=\u00a0\u00bbright\u00a0\u00bb scroll_horizontal_motion=\u00a0\u00bb0|50|50|100|-1|0|1&Prime; scroll_scaling_enable=\u00a0\u00bbon\u00a0\u00bb scroll_scaling=\u00a0\u00bb0|50|50|100|105%|100|95%\u00a0\u00bb positioning_tablet=\u00a0\u00bbrelative\u00a0\u00bb positioning_phone=\u00a0\u00bb\u00a0\u00bb positioning_last_edited=\u00a0\u00bbon|tablet\u00a0\u00bb][\/et_pb_image][\/et_pb_column][\/et_pb_row][et_pb_row custom_padding_last_edited=\u00a0\u00bbon|tablet\u00a0\u00bb _builder_version=\u00a0\u00bb4.9.7&Prime; _module_preset=\u00a0\u00bbdefault\u00a0\u00bb custom_padding=\u00a0\u00bb82px||95px|||\u00a0\u00bb custom_padding_tablet=\u00a0\u00bb||0px||false|false\u00a0\u00bb custom_padding_phone=\u00a0\u00bb\u00a0\u00bb][et_pb_column type=\u00a0\u00bb4_4&Prime; _builder_version=\u00a0\u00bb4.9.7&Prime; _module_preset=\u00a0\u00bbdefault\u00a0\u00bb][et_pb_text _builder_version=\u00a0\u00bb4.9.7&Prime; _module_preset=\u00a0\u00bbdefault\u00a0\u00bb width_tablet=\u00a0\u00bb\u00a0\u00bb width_phone=\u00a0\u00bb\u00a0\u00bb width_last_edited=\u00a0\u00bbon|phone\u00a0\u00bb]<\/p>\n<p style=\"text-align: left;\">Le visage cisel\u00e9 sillonn\u00e9 par le vent du nord-est, ador\u00e9e par ses petits-enfants, toujours de bonne humeur, les gens se souviennent encore des exp\u00e9riences v\u00e9cues avec elle. Aujourd&rsquo;hui, elle aurait beaucoup de \u00ab followers \u00bb. N\u00e9lida a enseign\u00e9 ses sorts \u00e0 de nombreux jeunes qui l&rsquo;ont accompagn\u00e9e comme dans une aventure cin\u00e9matographique. Suso, aujourd&rsquo;hui p\u00eacheur de pousse pied \u00e0 la retraite, un visage \u00e0 la peau blanche et aux yeux bleus nous dit que la \u00ab meiga das areas \u00bb lui a appris, comme une magicienne, les astuces n\u00e9cessaires pour attraper les coquillages les plus insaisissables. \u00ab\u00a0Elle aidait tout le monde, tout le monde l&rsquo;aimait\u00a0\u00bb, se souvient Suso avec gratitude.<\/p>\n<p>[\/et_pb_text][\/et_pb_column][\/et_pb_row][\/et_pb_section][et_pb_section fb_built=\u00a0\u00bb1&Prime; _builder_version=\u00a0\u00bb4.9.7&Prime; _module_preset=\u00a0\u00bbdefault\u00a0\u00bb background_image=\u00a0\u00bbhttp:\/\/ameigadasareas.com\/wp-content\/uploads\/2021\/06\/mariscadora-2.jpg\u00a0\u00bb parallax=\u00a0\u00bbon\u00a0\u00bb hover_enabled=\u00a0\u00bb0&Prime; custom_css_main_element=\u00a0\u00bbheight:80vh;\u00a0\u00bb title_text=\u00a0\u00bbmariscadora-2&Prime; sticky_enabled=\u00a0\u00bb0&Prime;][et_pb_row _builder_version=\u00a0\u00bb4.9.7&Prime; _module_preset=\u00a0\u00bbdefault\u00a0\u00bb custom_padding=\u00a0\u00bb105px|||||\u00a0\u00bb][et_pb_column type=\u00a0\u00bb4_4&Prime; _builder_version=\u00a0\u00bb4.9.7&Prime; _module_preset=\u00a0\u00bbdefault\u00a0\u00bb][et_pb_text quote_border_weight=\u00a0\u00bb0px\u00a0\u00bb _builder_version=\u00a0\u00bb4.9.7&Prime; _module_preset=\u00a0\u00bbdefault\u00a0\u00bb text_line_height=\u00a0\u00bb1.5em\u00a0\u00bb quote_font=\u00a0\u00bbLora||on||||||\u00a0\u00bb quote_text_align=\u00a0\u00bbcenter\u00a0\u00bb quote_text_color=\u00a0\u00bb#288A9D\u00a0\u00bb quote_font_size=\u00a0\u00bb41px\u00a0\u00bb quote_line_height=\u00a0\u00bb1.1em\u00a0\u00bb width=\u00a0\u00bb59%\u00a0\u00bb custom_margin=\u00a0\u00bb||66px|||\u00a0\u00bb text_font_size_tablet=\u00a0\u00bb20px\u00a0\u00bb text_letter_spacing_tablet=\u00a0\u00bb\u00a0\u00bb text_letter_spacing_phone=\u00a0\u00bb\u00a0\u00bb text_letter_spacing_last_edited=\u00a0\u00bbon|tablet\u00a0\u00bb]<\/p>\n<blockquote>\n<p style=\"text-align: center;\"><span style=\"color: #ffffff;\">\u201dPetit, tu veux apprendre \u00e0 attraper un poulpe? Prends ce panier et viens avec moi.\u00a0\u00bb<\/span><\/p>\n<\/blockquote>\n<p>[\/et_pb_text][\/et_pb_column][\/et_pb_row][\/et_pb_section][et_pb_section fb_built=\u00a0\u00bb1&Prime; _builder_version=\u00a0\u00bb4.9.7&Prime; _module_preset=\u00a0\u00bbdefault\u00a0\u00bb][et_pb_row _builder_version=\u00a0\u00bb4.9.7&Prime; _module_preset=\u00a0\u00bbdefault\u00a0\u00bb][et_pb_column type=\u00a0\u00bb4_4&Prime; _builder_version=\u00a0\u00bb4.9.7&Prime; _module_preset=\u00a0\u00bbdefault\u00a0\u00bb][et_pb_text _builder_version=\u00a0\u00bb4.9.7&Prime; _module_preset=\u00a0\u00bbdefault\u00a0\u00bb]<\/p>\n<p>Le Val Mi\u00f1or \u00e9tait une terre &#8211; du sable et de la pierre, plus qu&rsquo;une terre &#8211; de pionni\u00e8res qui gouvernaient la mer et les familles. Aucune p\u00eacheuse sans dos cass\u00e9 et sans genoux coup\u00e9s par les moules ou les oursins, aucune qui n&rsquo;ait souffert de blessures chroniques. C&rsquo;est ainsi que s&rsquo;en souvient Lu, une p\u00eacheuse \u00e0 la retraite aux yeux noirs comme les profondeurs de la mer, qui a travaill\u00e9 pendant des ann\u00e9es dans un vivier au Morrazo, du c\u00f4t\u00e9 nord de l&rsquo;estuaire.<\/p>\n<p>Un jour, \u00e0 la fin des ann\u00e9es 1970, N\u00e9lida voit un petit citadin pr\u00e8s de la mer et lui dit : \u00ab Petit, veux-tu savoir comment ramasser un poulpe? Prends ce panier et viens avec moi\u201d. Le gar\u00e7on qui n&rsquo;avait pas encore dix ans, prit le panier rouge, un crochet de fer \u00e0 la main et courut apr\u00e8s les bottes plastiques de N\u00e9lida surnomm\u00e9e \u00ab la sorci\u00e8re des sables \u00bb pour vivre sa premi\u00e8re aventure marine en sautant sur les pierres de l&rsquo;Atlantique.<\/p>\n<p>[\/et_pb_text][\/et_pb_column][\/et_pb_row][\/et_pb_section][et_pb_section fb_built=\u00a0\u00bb1&Prime; _builder_version=\u00a0\u00bb4.9.7&Prime; _module_preset=\u00a0\u00bbdefault\u00a0\u00bb custom_padding=\u00a0\u00bb0px||0px||false|false\u00a0\u00bb][et_pb_row _builder_version=\u00a0\u00bb4.9.7&Prime; _module_preset=\u00a0\u00bbdefault\u00a0\u00bb background_color=\u00a0\u00bb#f3f1ed\u00a0\u00bb background_enable_color=\u00a0\u00bboff\u00a0\u00bb width=\u00a0\u00bb100%\u00a0\u00bb max_width=\u00a0\u00bb1920px\u00a0\u00bb module_alignment=\u00a0\u00bbcenter\u00a0\u00bb custom_padding=\u00a0\u00bb40px||||false|false\u00a0\u00bb global_module=\u00a0\u00bb172&Prime; saved_tabs=\u00a0\u00bball\u00a0\u00bb][et_pb_column type=\u00a0\u00bb4_4&Prime; _builder_version=\u00a0\u00bb4.9.7&Prime; _module_preset=\u00a0\u00bbdefault\u00a0\u00bb][et_pb_text module_class=\u00a0\u00bblust\u00a0\u00bb _builder_version=\u00a0\u00bb4.9.7&Prime; _module_preset=\u00a0\u00bbdefault\u00a0\u00bb header_3_line_height=\u00a0\u00bb1.1em\u00a0\u00bb max_width_tablet=\u00a0\u00bb59%\u00a0\u00bb max_width_phone=\u00a0\u00bb\u00a0\u00bb max_width_last_edited=\u00a0\u00bbon|tablet\u00a0\u00bb custom_padding=\u00a0\u00bb36px||||false|false\u00a0\u00bb animation_style=\u00a0\u00bbslide\u00a0\u00bb animation_direction=\u00a0\u00bbtop\u00a0\u00bb animation_intensity_slide=\u00a0\u00bb4%\u00a0\u00bb]<\/p>\n<h3 style=\"text-align: center;\">Auberge avec appartements sur les rives des R\u00edas Baixas<\/h3>\n<p>[\/et_pb_text][dsm_post_carousel post_type=\u00a0\u00bbproject\u00a0\u00bb use_overlay=\u00a0\u00bbon\u00a0\u00bb overlay_icon_color=\u00a0\u00bb#288a9d\u00a0\u00bb hover_overlay_color=\u00a0\u00bbrgba(255,255,255,0.73)\u00a0\u00bb thumbnail_img_type=\u00a0\u00bbcontain\u00a0\u00bb use_date=\u00a0\u00bboff\u00a0\u00bb meta_date=\u00a0\u00bbj M,Y\u00a0\u00bb use_author=\u00a0\u00bboff\u00a0\u00bb use_readmore=\u00a0\u00bbon\u00a0\u00bb readmore_text=\u00a0\u00bbRESERVAR\u00a0\u00bb columns=\u00a0\u00bb2&Prime; speed=\u00a0\u00bb2601&Prime; autoplay_speed=\u00a0\u00bb6001&Prime; post_equal_height=\u00a0\u00bbon\u00a0\u00bb post_item_bg_color=\u00a0\u00bbRGBA(0,0,0,0)\u00a0\u00bb columns_tablet=\u00a0\u00bb\u00a0\u00bb columns_phone=\u00a0\u00bb1&Prime; columns_last_edited=\u00a0\u00bbon|phone\u00a0\u00bb module_class=\u00a0\u00bblust\u00a0\u00bb _builder_version=\u00a0\u00bb4.9.7&Prime; _module_preset=\u00a0\u00bbdefault\u00a0\u00bb title_font=\u00a0\u00bb||on||||||\u00a0\u00bb title_font_size=\u00a0\u00bb33px\u00a0\u00bb title_line_height=\u00a0\u00bb1em\u00a0\u00bb body_font_size=\u00a0\u00bb20px\u00a0\u00bb body_line_height=\u00a0\u00bb1.2em\u00a0\u00bb background_color=\u00a0\u00bbRGBA(0,0,0,0)\u00a0\u00bb custom_readmore=\u00a0\u00bbon\u00a0\u00bb readmore_text_size=\u00a0\u00bb14px\u00a0\u00bb readmore_text_color=\u00a0\u00bb#FFFFFF\u00a0\u00bb readmore_bg_color=\u00a0\u00bb#288A9D\u00a0\u00bb readmore_border_width=\u00a0\u00bb0px\u00a0\u00bb readmore_border_radius=\u00a0\u00bb0px\u00a0\u00bb width=\u00a0\u00bb80%\u00a0\u00bb module_alignment=\u00a0\u00bbcenter\u00a0\u00bb animation_style=\u00a0\u00bbslide\u00a0\u00bb animation_direction=\u00a0\u00bbleft\u00a0\u00bb animation_intensity_slide=\u00a0\u00bb2%\u00a0\u00bb][\/dsm_post_carousel][\/et_pb_column][\/et_pb_row][\/et_pb_section]<\/p>\n","protected":false},"excerpt":{"rendered":"<p>Rasqueta, sacho, gancha, ra\u00f1o, angazo, fisga, rastro\u2026 sont des armes de femmes Des femmes incassables comme N\u00e9lida, une meiga das areas, ont gouvern\u00e9 les familles de marins de Val Mi\u00f1or. A la fin des ann\u00e9es 60, Simone de Beauvoir publie \u00ab\u00a0La femme rompue\u00a0\u00bb pour d\u00e9noncer les in\u00e9galit\u00e9s au sein du couple. En ces temps d&rsquo;oppression, [&hellip;]<\/p>\n","protected":false},"author":1,"featured_media":0,"parent":0,"menu_order":0,"comment_status":"closed","ping_status":"closed","template":"","meta":{"_et_pb_use_builder":"on","_et_pb_old_content":"","_et_gb_content_width":"","footnotes":"","_joinchat":[]},"_links":{"self":[{"href":"https:\/\/ameigadasareas.com\/fr\/wp-json\/wp\/v2\/pages\/1131"}],"collection":[{"href":"https:\/\/ameigadasareas.com\/fr\/wp-json\/wp\/v2\/pages"}],"about":[{"href":"https:\/\/ameigadasareas.com\/fr\/wp-json\/wp\/v2\/types\/page"}],"author":[{"embeddable":true,"href":"https:\/\/ameigadasareas.com\/fr\/wp-json\/wp\/v2\/users\/1"}],"replies":[{"embeddable":true,"href":"https:\/\/ameigadasareas.com\/fr\/wp-json\/wp\/v2\/comments?post=1131"}],"version-history":[{"count":1,"href":"https:\/\/ameigadasareas.com\/fr\/wp-json\/wp\/v2\/pages\/1131\/revisions"}],"predecessor-version":[{"id":1132,"href":"https:\/\/ameigadasareas.com\/fr\/wp-json\/wp\/v2\/pages\/1131\/revisions\/1132"}],"wp:attachment":[{"href":"https:\/\/ameigadasareas.com\/fr\/wp-json\/wp\/v2\/media?parent=1131"}],"curies":[{"name":"wp","href":"https:\/\/api.w.org\/{rel}","templated":true}]}}