{"id":1151,"date":"2021-06-17T18:49:16","date_gmt":"2021-06-17T16:49:16","guid":{"rendered":"http:\/\/ameigadasareas.com\/contact\/"},"modified":"2022-11-29T13:26:00","modified_gmt":"2022-11-29T11:26:00","slug":"contact","status":"publish","type":"page","link":"https:\/\/ameigadasareas.com\/fr\/contact\/","title":{"rendered":"Contact"},"content":{"rendered":"<p>[et_pb_section fb_built=\u00a0\u00bb1&Prime; _builder_version=\u00a0\u00bb4.9.7&Prime; _module_preset=\u00a0\u00bbdefault\u00a0\u00bb background_image=\u00a0\u00bbhttp:\/\/ameigadasareas.com\/wp-content\/uploads\/2021\/05\/fondo-home.jpg\u00a0\u00bb parallax=\u00a0\u00bbon\u00a0\u00bb hover_enabled=\u00a0\u00bb0&Prime; title_text=\u00a0\u00bbfondo-home\u00a0\u00bb sticky_enabled=\u00a0\u00bb0&Prime;][\/et_pb_section][et_pb_section fb_built=\u00a0\u00bb1&Prime; _builder_version=\u00a0\u00bb4.9.7&Prime; _module_preset=\u00a0\u00bbdefault\u00a0\u00bb background_image=\u00a0\u00bbhttps:\/\/ameigadasareas.com\/wp-content\/uploads\/2021\/06\/rectangulo-arena.svg\u00a0\u00bb background_size=\u00a0\u00bbinitial\u00a0\u00bb background_position=\u00a0\u00bbtop_right\u00a0\u00bb custom_padding=\u00a0\u00bb||96px||false|false\u00a0\u00bb][et_pb_row column_structure=\u00a0\u00bb1_2,1_2&Prime; use_custom_gutter=\u00a0\u00bbon\u00a0\u00bb gutter_width=\u00a0\u00bb1&Prime; make_equal=\u00a0\u00bbon\u00a0\u00bb _builder_version=\u00a0\u00bb4.9.7&Prime; _module_preset=\u00a0\u00bbdefault\u00a0\u00bb background_enable_color=\u00a0\u00bboff\u00a0\u00bb width=\u00a0\u00bb100%\u00a0\u00bb module_alignment=\u00a0\u00bbcenter\u00a0\u00bb custom_margin=\u00a0\u00bb||||false|false\u00a0\u00bb custom_padding=\u00a0\u00bb||||false|false\u00a0\u00bb saved_tabs=\u00a0\u00bball\u00a0\u00bb][et_pb_column type=\u00a0\u00bb1_2&Prime; _builder_version=\u00a0\u00bb4.9.7&Prime; _module_preset=\u00a0\u00bbdefault\u00a0\u00bb background_color=\u00a0\u00bb#FFFFFF\u00a0\u00bb custom_padding=\u00a0\u00bb47px||||false|false\u00a0\u00bb][et_pb_text module_class=\u00a0\u00bblust\u00a0\u00bb _builder_version=\u00a0\u00bb4.9.7&Prime; _module_preset=\u00a0\u00bbdefault\u00a0\u00bb custom_margin=\u00a0\u00bb||4px|||\u00a0\u00bb custom_padding=\u00a0\u00bb36px||||false|false\u00a0\u00bb animation_style=\u00a0\u00bbslide\u00a0\u00bb animation_direction=\u00a0\u00bbtop\u00a0\u00bb animation_intensity_slide=\u00a0\u00bb4%\u00a0\u00bb]<\/p>\n<h2 style=\"text-align: center;\">Pour nous contacter<\/h2>\n<p>[\/et_pb_text][et_pb_text _builder_version=\u00a0\u00bb4.9.7&Prime; _module_preset=\u00a0\u00bbdefault\u00a0\u00bb width_tablet=\u00a0\u00bb80%\u00a0\u00bb custom_margin=\u00a0\u00bb||57px|||\u00a0\u00bb]<\/p>\n<p style=\"text-align: center;\">Nous n&rsquo;acceptons actuellement pas les r\u00e9servations en ligne. Tr\u00e8s bient\u00f4t nous activerons ce service. En attendant, appelez-nous si vous souhaitez r\u00e9server ou si vous souhaitez conna\u00eetre la disponibilit\u00e9 actuelle.<\/p>\n<p>[\/et_pb_text][et_pb_divider divider_weight=\u00a0\u00bb2px\u00a0\u00bb _builder_version=\u00a0\u00bb4.9.7&Prime; _module_preset=\u00a0\u00bbdefault\u00a0\u00bb width=\u00a0\u00bb17%\u00a0\u00bb module_alignment=\u00a0\u00bbcenter\u00a0\u00bb custom_margin=\u00a0\u00bb||16px|||\u00a0\u00bb][\/et_pb_divider][et_pb_text _builder_version=\u00a0\u00bb4.9.7&Prime; _module_preset=\u00a0\u00bbdefault\u00a0\u00bb text_orientation=\u00a0\u00bbcenter\u00a0\u00bb custom_margin=\u00a0\u00bb||57px|||\u00a0\u00bb]<\/p>\n<p><strong>T +34 681 010 872<\/strong><\/p>\n<p><strong>info@ameigadasareas.com<\/strong><\/p>\n<p>[\/et_pb_text][et_pb_divider divider_weight=\u00a0\u00bb2px\u00a0\u00bb _builder_version=\u00a0\u00bb4.9.7&Prime; _module_preset=\u00a0\u00bbdefault\u00a0\u00bb width=\u00a0\u00bb17%\u00a0\u00bb module_alignment=\u00a0\u00bbcenter\u00a0\u00bb custom_margin=\u00a0\u00bb24px||16px|||\u00a0\u00bb][\/et_pb_divider][et_pb_text _builder_version=\u00a0\u00bb4.9.7&Prime; _module_preset=\u00a0\u00bbdefault\u00a0\u00bb custom_padding=\u00a0\u00bb||71px||false|false\u00a0\u00bb]<\/p>\n<p style=\"text-align: center;\"><strong>Adresse<\/strong><br \/><span>R\u00faa Vista \u00f3 mar, n\u00ba 3, 36370, Nigr\u00e1n, (Pontevedra, Espa\u00f1a.)<\/span><\/p>\n<p style=\"text-align: center;\"><span><\/span><a href=\"https:\/\/goo.gl\/maps\/M32UfGppGYadBeNE7\" target=\"_top\" rel=\"noopener\">Comment s&rsquo;y rendre &gt;<\/a><\/p>\n<p>[\/et_pb_text][\/et_pb_column][et_pb_column type=\u00a0\u00bb1_2&Prime; _builder_version=\u00a0\u00bb4.9.7&Prime; _module_preset=\u00a0\u00bbdefault\u00a0\u00bb custom_padding=\u00a0\u00bb0px|0px|0px|0px|false|true\u00a0\u00bb][et_pb_code raw_content_tablet=\u00a0\u00bb<iframe src=%22https:\/\/www.google.com\/maps\/embed?pb=!1m18!1m12!1m3!1d1534.2964284170178!2d-8.81646386309767!3d42.13030477612799!2m3!1f0!2f0!3f0!3m2!1i1024!2i768!4f13.1!3m3!1m2!1s0xd258ca055d2de8b%3A0x6e7411e2d7b24077!2sRua%20Vista%20%C3%93%20Mar%2C%203%2C%2036370%20Nigr%C3%A1n%2C%20Pontevedra!5e0!3m2!1ses!2ses!4v1624375164237!5m2!1ses!2ses%22 width=%22700%22 height=%22750%22 style=%22border:0;%22 allowfullscreen=%22%22 loading=%22lazy%22><\/iframe>\u00a0\u00bb raw_content_last_edited=\u00a0\u00bboff|tablet\u00a0\u00bb _builder_version=\u00a0\u00bb4.9.7&Prime; _module_preset=\u00a0\u00bbdefault\u00a0\u00bb custom_margin=\u00a0\u00bb-117px||||false|false\u00a0\u00bb custom_margin_tablet=\u00a0\u00bb60px|||45px|false|false\u00a0\u00bb custom_margin_phone=\u00a0\u00bb\u00a0\u00bb custom_margin_last_edited=\u00a0\u00bbon|tablet\u00a0\u00bb animation_direction=\u00a0\u00bbbottom\u00a0\u00bb scroll_vertical_motion_enable=\u00a0\u00bbon\u00a0\u00bb scroll_vertical_motion=\u00a0\u00bb0|50|50|100|-3|0.5|1&Prime; module_alignment_tablet=\u00a0\u00bbcenter\u00a0\u00bb module_alignment_phone=\u00a0\u00bb\u00a0\u00bb module_alignment_last_edited=\u00a0\u00bbon|tablet\u00a0\u00bb scroll_vertical_motion_tablet=\u00a0\u00bb0|50|50|100|0|0|0&Prime; scroll_vertical_motion_phone=\u00a0\u00bb\u00a0\u00bb scroll_vertical_motion_last_edited=\u00a0\u00bbon|tablet\u00a0\u00bb]<iframe src=\"https:\/\/www.google.com\/maps\/embed?pb=!1m18!1m12!1m3!1d1534.2964284170178!2d-8.81646386309767!3d42.13030477612799!2m3!1f0!2f0!3f0!3m2!1i1024!2i768!4f13.1!3m3!1m2!1s0xd258ca055d2de8b%3A0x6e7411e2d7b24077!2sRua%20Vista%20%C3%93%20Mar%2C%203%2C%2036370%20Nigr%C3%A1n%2C%20Pontevedra!5e0!3m2!1ses!2ses!4v1624375164237!5m2!1ses!2ses\" width=\"500\" height=\"750\" style=\"border:0;\" allowfullscreen=\"\" loading=\"lazy\"><\/iframe>[\/et_pb_code][\/et_pb_column][\/et_pb_row][\/et_pb_section][et_pb_section fb_built=\u00a0\u00bb1&Prime; _builder_version=\u00a0\u00bb4.9.7&Prime; _module_preset=\u00a0\u00bbdefault\u00a0\u00bb][et_pb_row _builder_version=\u00a0\u00bb4.9.7&Prime; _module_preset=\u00a0\u00bbdefault\u00a0\u00bb background_color=\u00a0\u00bb#f3f1ed\u00a0\u00bb background_enable_color=\u00a0\u00bboff\u00a0\u00bb width=\u00a0\u00bb100%\u00a0\u00bb max_width=\u00a0\u00bb1920px\u00a0\u00bb module_alignment=\u00a0\u00bbcenter\u00a0\u00bb custom_padding=\u00a0\u00bb40px||||false|false\u00a0\u00bb global_module=\u00a0\u00bb172&Prime; saved_tabs=\u00a0\u00bball\u00a0\u00bb][et_pb_column type=\u00a0\u00bb4_4&Prime; _builder_version=\u00a0\u00bb4.9.7&Prime; _module_preset=\u00a0\u00bbdefault\u00a0\u00bb][et_pb_text module_class=\u00a0\u00bblust\u00a0\u00bb _builder_version=\u00a0\u00bb4.9.7&Prime; _module_preset=\u00a0\u00bbdefault\u00a0\u00bb header_3_line_height=\u00a0\u00bb1.1em\u00a0\u00bb max_width_tablet=\u00a0\u00bb59%\u00a0\u00bb max_width_phone=\u00a0\u00bb\u00a0\u00bb max_width_last_edited=\u00a0\u00bbon|tablet\u00a0\u00bb custom_padding=\u00a0\u00bb36px||||false|false\u00a0\u00bb animation_style=\u00a0\u00bbslide\u00a0\u00bb animation_direction=\u00a0\u00bbtop\u00a0\u00bb animation_intensity_slide=\u00a0\u00bb4%\u00a0\u00bb]<\/p>\n<h3 style=\"text-align: center;\">Auberge avec appartements sur les rives des R\u00edas Baixas<\/h3>\n<p>[\/et_pb_text][dsm_post_carousel post_type=\u00a0\u00bbproject\u00a0\u00bb use_overlay=\u00a0\u00bbon\u00a0\u00bb overlay_icon_color=\u00a0\u00bb#288a9d\u00a0\u00bb hover_overlay_color=\u00a0\u00bbrgba(255,255,255,0.73)\u00a0\u00bb thumbnail_img_type=\u00a0\u00bbcontain\u00a0\u00bb use_date=\u00a0\u00bboff\u00a0\u00bb meta_date=\u00a0\u00bbj M,Y\u00a0\u00bb use_author=\u00a0\u00bboff\u00a0\u00bb use_readmore=\u00a0\u00bbon\u00a0\u00bb readmore_text=\u00a0\u00bbR\u00c9SERVER\u00a0\u00bb columns=\u00a0\u00bb2&Prime; speed=\u00a0\u00bb2601&Prime; autoplay_speed=\u00a0\u00bb6001&Prime; post_equal_height=\u00a0\u00bbon\u00a0\u00bb post_item_bg_color=\u00a0\u00bbRGBA(0,0,0,0)\u00a0\u00bb columns_tablet=\u00a0\u00bb\u00a0\u00bb columns_phone=\u00a0\u00bb1&Prime; columns_last_edited=\u00a0\u00bbon|phone\u00a0\u00bb module_class=\u00a0\u00bblust\u00a0\u00bb _builder_version=\u00a0\u00bb4.9.7&Prime; _module_preset=\u00a0\u00bbdefault\u00a0\u00bb title_font=\u00a0\u00bb||on||||||\u00a0\u00bb title_font_size=\u00a0\u00bb33px\u00a0\u00bb title_line_height=\u00a0\u00bb1em\u00a0\u00bb body_font_size=\u00a0\u00bb20px\u00a0\u00bb body_line_height=\u00a0\u00bb1.2em\u00a0\u00bb background_color=\u00a0\u00bbRGBA(0,0,0,0)\u00a0\u00bb custom_readmore=\u00a0\u00bbon\u00a0\u00bb readmore_text_size=\u00a0\u00bb14px\u00a0\u00bb readmore_text_color=\u00a0\u00bb#FFFFFF\u00a0\u00bb readmore_bg_color=\u00a0\u00bb#288A9D\u00a0\u00bb readmore_border_width=\u00a0\u00bb0px\u00a0\u00bb readmore_border_radius=\u00a0\u00bb0px\u00a0\u00bb width=\u00a0\u00bb80%\u00a0\u00bb module_alignment=\u00a0\u00bbcenter\u00a0\u00bb animation_style=\u00a0\u00bbslide\u00a0\u00bb animation_direction=\u00a0\u00bbleft\u00a0\u00bb animation_intensity_slide=\u00a0\u00bb2%\u00a0\u00bb][\/dsm_post_carousel][\/et_pb_column][\/et_pb_row][\/et_pb_section]<\/p>\n","protected":false},"excerpt":{"rendered":"<p>Pour nous contacterNous n&rsquo;acceptons actuellement pas les r\u00e9servations en ligne. Tr\u00e8s bient\u00f4t nous activerons ce service. En attendant, appelez-nous si vous souhaitez r\u00e9server ou si vous souhaitez conna\u00eetre la disponibilit\u00e9 actuelle.T +34 681 010 872 info@ameigadasareas.comAdresseR\u00faa Vista \u00f3 mar, n\u00ba 3, 36370, Nigr\u00e1n, (Pontevedra, Espa\u00f1a.) Comment s&rsquo;y rendre &gt;Auberge avec appartements sur les rives des [&hellip;]<\/p>\n","protected":false},"author":1,"featured_media":0,"parent":0,"menu_order":0,"comment_status":"closed","ping_status":"closed","template":"","meta":{"_et_pb_use_builder":"on","_et_pb_old_content":"","_et_gb_content_width":"","footnotes":"","_joinchat":[]},"_links":{"self":[{"href":"https:\/\/ameigadasareas.com\/fr\/wp-json\/wp\/v2\/pages\/1151"}],"collection":[{"href":"https:\/\/ameigadasareas.com\/fr\/wp-json\/wp\/v2\/pages"}],"about":[{"href":"https:\/\/ameigadasareas.com\/fr\/wp-json\/wp\/v2\/types\/page"}],"author":[{"embeddable":true,"href":"https:\/\/ameigadasareas.com\/fr\/wp-json\/wp\/v2\/users\/1"}],"replies":[{"embeddable":true,"href":"https:\/\/ameigadasareas.com\/fr\/wp-json\/wp\/v2\/comments?post=1151"}],"version-history":[{"count":2,"href":"https:\/\/ameigadasareas.com\/fr\/wp-json\/wp\/v2\/pages\/1151\/revisions"}],"predecessor-version":[{"id":1153,"href":"https:\/\/ameigadasareas.com\/fr\/wp-json\/wp\/v2\/pages\/1151\/revisions\/1153"}],"wp:attachment":[{"href":"https:\/\/ameigadasareas.com\/fr\/wp-json\/wp\/v2\/media?parent=1151"}],"curies":[{"name":"wp","href":"https:\/\/api.w.org\/{rel}","templated":true}]}}