{"id":1157,"date":"2021-07-14T17:51:31","date_gmt":"2021-07-14T15:51:31","guid":{"rendered":"http:\/\/ameigadasareas.com\/avis-juridique\/"},"modified":"2022-11-29T14:42:55","modified_gmt":"2022-11-29T12:42:55","slug":"avis-juridique","status":"publish","type":"page","link":"https:\/\/ameigadasareas.com\/fr\/avis-juridique\/","title":{"rendered":"Avis juridique"},"content":{"rendered":"<p>[et_pb_section fb_built=\u00a0\u00bb1&Prime; _builder_version=\u00a0\u00bb4.9.7&Prime; _module_preset=\u00a0\u00bbdefault\u00a0\u00bb background_image=\u00a0\u00bbhttp:\/\/ameigadasareas.com\/wp-content\/uploads\/2021\/05\/fondo-home.jpg\u00a0\u00bb parallax=\u00a0\u00bbon\u00a0\u00bb hover_enabled=\u00a0\u00bb0&Prime; title_text=\u00a0\u00bbfondo-home\u00a0\u00bb sticky_enabled=\u00a0\u00bb0&Prime;][\/et_pb_section][et_pb_section fb_built=\u00a0\u00bb1&Prime; _builder_version=\u00a0\u00bb4.9.7&Prime; _module_preset=\u00a0\u00bbdefault\u00a0\u00bb background_image=\u00a0\u00bbhttps:\/\/ameigadasareas.com\/wp-content\/uploads\/2021\/06\/rectangulo-arena.svg\u00a0\u00bb background_size=\u00a0\u00bbinitial\u00a0\u00bb background_position=\u00a0\u00bbcenter_right\u00a0\u00bb custom_padding=\u00a0\u00bb||||false|false\u00a0\u00bb][et_pb_row _builder_version=\u00a0\u00bb4.9.7&Prime; _module_preset=\u00a0\u00bbdefault\u00a0\u00bb background_enable_color=\u00a0\u00bboff\u00a0\u00bb width=\u00a0\u00bb100%\u00a0\u00bb max_width=\u00a0\u00bb1920px\u00a0\u00bb module_alignment=\u00a0\u00bbcenter\u00a0\u00bb custom_padding=\u00a0\u00bb||||false|false\u00a0\u00bb saved_tabs=\u00a0\u00bball\u00a0\u00bb][et_pb_column type=\u00a0\u00bb4_4&Prime; _builder_version=\u00a0\u00bb4.9.7&Prime; _module_preset=\u00a0\u00bbdefault\u00a0\u00bb][et_pb_text module_class=\u00a0\u00bblust\u00a0\u00bb _builder_version=\u00a0\u00bb4.9.7&Prime; _dynamic_attributes=\u00a0\u00bbcontent\u00a0\u00bb _module_preset=\u00a0\u00bbdefault\u00a0\u00bb text_orientation=\u00a0\u00bbcenter\u00a0\u00bb custom_padding=\u00a0\u00bb36px||||false|false\u00a0\u00bb animation_style=\u00a0\u00bbslide\u00a0\u00bb animation_direction=\u00a0\u00bbtop\u00a0\u00bb animation_intensity_slide=\u00a0\u00bb4%\u00a0\u00bb]@ET-DC@eyJkeW5hbWljIjp0cnVlLCJjb250ZW50IjoicG9zdF90aXRsZSIsInNldHRpbmdzIjp7ImJlZm9yZSI6IjxoMT4iLCJhZnRlciI6IjxcL2gxPiJ9fQ==@[\/et_pb_text][et_pb_text _builder_version=\u00a0\u00bb4.9.7&Prime; _module_preset=\u00a0\u00bbdefault\u00a0\u00bb max_width=\u00a0\u00bb900px\u00a0\u00bb]<\/p>\n<p>VEIGA DE LEIRAS S.L. responsable de ce site Web, met ce document \u00e0 la disposition des internautes, dont le but est de se conformer aux obligations \u00e9tablies par la <span><a href=\"http:\/\/app.vlex.com\/#vid\/172670\" target=\"_blank\" rel=\"noopener\">loi 34\/2002, du 11 juin, sur les services de la soci\u00e9t\u00e9 de l&rsquo;information et du commerce \u00e9lectronique (LSSICE)<\/a><\/span> et d&rsquo;autres r\u00e9glementations applicables, ainsi que des informations sur les conditions d&rsquo;utilisation.<\/p>\n<p><strong>DONNEES D&rsquo;IDENTIFICATION<\/strong><\/p>\n<p>Conform\u00e9ment au devoir d&rsquo;information pr\u00e9vu \u00e0 <span><a href=\"http:\/\/app.vlex.com\/#vid\/172670\/node\/10\" target=\"_blank\" rel=\"noopener\">l&rsquo;art. 10 LSSICE<\/a><\/span>, les donn\u00e9es n\u00e9cessaires du propri\u00e9taire du site Web sont fournies ci-dessous:<\/p>\n<p>La soci\u00e9t\u00e9 qui g\u00e8re les services et le domaine web est: VEIGA DE LEIRAS SL<\/p>\n<p>La marque A MEIGA DAS AREAS<span>  <\/span>est la propri\u00e9t\u00e9 de VEIGA DE LEIRAS S.L., domicili\u00e9e \u00e0 des fins de notification \u00e0 rua das Pontes, 4, oficina 2.10, cp 36350 Nigr\u00e1n, Pontevedra \u00e9tablie au moyen d&rsquo;un acte public pass\u00e9 devant le notaire Nigr\u00e1n M. Mariano Vaqueiro Rumbao,<span>  <\/span>05\/07\/2002,<span>  <\/span>et inscrite au Registre du Commerce de Pontevedra, dans le Volume 2708,<span>  <\/span>Folio 138, page PO30142, et C.I.F.:<span>  <\/span>B-36.903.201.<\/p>\n<p><strong>UTILISATEURS<\/strong><\/p>\n<p>Toute personne, physique ou morale, qui acc\u00e8de, navigue, utilise ou participe aux services et activit\u00e9s, gratuits ou on\u00e9reux, d\u00e9velopp\u00e9s \u00e0 travers ce site web assume la condition d&rsquo;UTILISATEUR, et \u00e0 ce titre, par ledit acc\u00e8s, s&rsquo;engage au strict respect des dispositions pr\u00e9sentes, ainsi que de toute autre disposition l\u00e9gale applicable, s&rsquo;obligeant ainsi \u00e0 faire un usage correct du site. L&rsquo;utilisateur sera responsable vis-\u00e0-vis de VEIGA DE LEIRAS SL ou vis-\u00e0-vis de tiers de tout dommage pouvant r\u00e9sulter du non-respect de ladite obligation.<\/p>\n<p><strong>MODIFICATIONS<\/strong><\/p>\n<p>VEIGA DE LEIRAS SL se r\u00e9serve le droit d&rsquo;apporter unilat\u00e9ralement les modifications qu&rsquo;elle juge pertinentes sur son portail, en pouvant modifier, supprimer ou ajouter \u00e0 la fois le contenu et les services fournis \u00e0 travers celui-ci, sans qu&rsquo;il n\u2019y ait aucune obligation de notifier ou d&rsquo;informer les utilisateurs desdites modifications, \u00e9tant entendu comme suffisant avec la publication sur le site Web du fournisseur.<\/p>\n<p>La dur\u00e9e de la fourniture du service du portail est limit\u00e9e au moment o\u00f9 l&rsquo;utilisateur est connect\u00e9 au site Web ou \u00e0 l&rsquo;un des services qu&rsquo;il fournit. Par cons\u00e9quent, chaque fois que l&rsquo;utilisateur a l&rsquo;intention d&rsquo;utiliser le portail, l&rsquo;utilisateur doit lire attentivement le pr\u00e9sent avis juridique, car celui-ci et ses conditions d&rsquo;utilisation respectives peuvent \u00eatre modifi\u00e9s \u00e0 tout moment. Par cons\u00e9quent, la validit\u00e9 des conditions susmentionn\u00e9es variera en fonction de leur exposition et restera aussi longtemps qu&rsquo;elles seront d\u00fbment publi\u00e9es, jusqu&rsquo;\u00e0 ce qu&rsquo;elles soient remplac\u00e9es par d&rsquo;autres.<\/p>\n<p><strong>CONDITIONS D&rsquo;UTILISATION DU SITE INTERNET<\/strong><\/p>\n<p>Le but de ces conditions d&rsquo;utilisation et de navigation est de r\u00e9glementer la relation entre le propri\u00e9taire du site web, VEIGA DE LEIRAS SL<span> <\/span>en tant que fournisseur de services, et les utilisateurs qui acc\u00e8dent, naviguent et profitent du service offert.<\/p>\n<p><span><a href=\"http:\/\/www.ameigadasareas.com\/\">www.ameigadasareas.com<\/a><\/span> offre un acc\u00e8s gratuit et ouvert \u00e0 une grande quantit\u00e9 d&rsquo;informations, de services et de donn\u00e9es (ci-apr\u00e8s, \u00ab\u00a0le contenu\u00a0\u00bb), tels que VEIGA DE LEIRAS S.L.<\/p>\n<p>L&rsquo;utilisateur assume la responsabilit\u00e9 de la bonne utilisation du portail conform\u00e9ment \u00e0 la loi et aux pr\u00e9sentes conditions, une responsabilit\u00e9 qui s&rsquo;\u00e9tend \u00e0 l&rsquo;enregistrement n\u00e9cessaire pour acc\u00e9der \u00e0 certains services et contenus qui sont fournis. Cette inscription implique le remplissage du formulaire correspondant, dans lequel l&rsquo;utilisateur garantit l&rsquo;authenticit\u00e9 et l&rsquo;actualit\u00e9 de toutes les donn\u00e9es communiqu\u00e9es et s&rsquo;engage \u00e0 ne pas fournir d&rsquo;informations ou de documents faux, frauduleux ou ill\u00e9gaux. Il peut en r\u00e9sulter la cr\u00e9ation d&rsquo;un mot de passe que l&rsquo;utilisateur conservera avec diligence et confidentialit\u00e9. L&rsquo;utilisateur sera seul responsable des d\u00e9clarations fausses ou inexactes qui sont r\u00e9elles et des dommages caus\u00e9s \u00e0 VEIGA DE LEIRAS SL ou \u00e0 des tiers par les informations fournies.<\/p>\n<p>L&rsquo;utilisateur s&rsquo;engage express\u00e9ment \u00e0 faire un usage appropri\u00e9 du contenu et des services que <span><a href=\"http:\/\/www.ameigadasareas.com\/\">www.ameigadasareas.com<\/a><\/span>ooffre, conform\u00e9ment aux dispositions de la loi, de la morale, de l&rsquo;ordre public et des pr\u00e9sentes conditions et, \u00e0 titre d&rsquo;exemple mais non limitatif, les utiliser pour:<\/p>\n<ul>\n<li>Diffuser des contenus criminels, violents, pornographiques, racistes, x\u00e9nophobes, offensants, faisant l&rsquo;apologie du terrorisme, portant atteinte aux droits de l&rsquo;homme ou, de mani\u00e8re g\u00e9n\u00e9rale, contraires \u00e0 la loi ou \u00e0 l&rsquo;ordre public.<\/li>\n<li>Introduire intentionnellement des virus informatiques dans le r\u00e9seau ou effectuer des actions qui pourraient alt\u00e9rer, g\u00e2cher, interrompre ou g\u00e9n\u00e9rer des erreurs ou des dommages aux syst\u00e8mes physiques et logiques de VEIGA DE LEIRAS SL, cr\u00e9ateur du site Web, ou de tiers ; ainsi que d&rsquo;entraver l&rsquo;acc\u00e8s d&rsquo;autres utilisateurs au site Web et \u00e0 ses services par la consommation massive de ressources informatiques \u00e0 travers lesquelles VEIGA DE LEIRAS SL<span> <\/span>fournit ses services.<\/li>\n<li>Tenter d&rsquo;acc\u00e9der aux comptes de messagerie d&rsquo;autres utilisateurs ou \u00e0 des zones restreintes des syst\u00e8mes informatiques de VEIGA DE LEIRAS SL ou de tiers et, le cas \u00e9ch\u00e9ant, extraire des informations.<\/li>\n<li>Violer les droits de propri\u00e9t\u00e9 intellectuelle ou industrielle, ainsi que diffuser, transmettre ou mettre \u00e0 la disposition de tiers tout type d&rsquo;information, \u00e9l\u00e9ment ou contenu qui implique une violation du secret des communications et de la l\u00e9gislation sur la protection des donn\u00e9es personnelles.<\/li>\n<li>Usurper l&rsquo;identit\u00e9 d&rsquo;un autre utilisateur, d&rsquo;administrations publiques ou d&rsquo;un tiers, en utilisant ses cl\u00e9s d&rsquo;enregistrement aux diff\u00e9rents services et\/ou contenus du site.<\/li>\n<\/ul>\n<p>&nbsp;<\/p>\n<ul>\n<li>Reproduire, copier, distribuer, mettre \u00e0 disposition ou de toute autre mani\u00e8re communiquer publiquement, transformer ou modifier le contenu, sauf si vous avez l&rsquo;autorisation du propri\u00e9taire des droits d&rsquo;exploitation correspondants ou si cela est l\u00e9galement autoris\u00e9.<\/li>\n<li>Collecter des donn\u00e9es \u00e0 des fins publicitaires et envoyer des publicit\u00e9s de toute nature et des communications \u00e0 des fins de vente ou \u00e0 d&rsquo;autres fins commerciales sans demande ou consentement pr\u00e9alable.<\/li>\n<\/ul>\n<p>Toute violation des clauses contenues dans ce site Web (mentions l\u00e9gales, politique de confidentialit\u00e9, politique de cookies, ainsi que tout autre contenu impliquant des obligations pour l&rsquo;utilisateur) et en g\u00e9n\u00e9ral de la l\u00e9gislation en vigueur en Espagne, sera imm\u00e9diatement communiqu\u00e9e par VEIGA DE LEIRAS SL aux autorit\u00e9s comp\u00e9tentes, en s&rsquo;engageant \u00e0 coop\u00e9rer avec elles. Dans un tel cas, l&rsquo;utilisateur sera responsable envers VEIGA DE LEIRAS SL ou envers des tiers, pour tout dommage qui pourrait \u00eatre caus\u00e9 \u00e0 la suite de la violation de ces obligations.<\/p>\n<p>VEIGA DE LEIRAS SL<span>  <\/span>ne garantit pas que son site Web soit conforme, totalement ou partiellement, aux lois d&rsquo;autres pays. Par cons\u00e9quent, si l&rsquo;utilisateur r\u00e9side ou est domicili\u00e9 dans un autre lieu que l&rsquo;Espagne et d\u00e9cide d&rsquo;acc\u00e9der et\/ou de naviguer sur ce site Web, il le fera \u00e0 ses risques et p\u00e9rils et devra s&rsquo;assurer que cet acc\u00e8s et\/ou navigation est conforme \u00e0 la l\u00e9gislation locale applicable dans votre cas.<\/p>\n<p>VEIGA DE LEIRAS SL, n&rsquo;est pas responsable de tout dommage ou perte r\u00e9sultant d&rsquo;une attaque par d\u00e9ni de service, d&rsquo;un virus ou de tout autre programme ou mat\u00e9riel technologiquement nuisible pouvant affecter votre ordinateur, votre \u00e9quipement informatique, vos donn\u00e9es ou votre mat\u00e9riel \u00e0 la suite de l&rsquo;utilisation de ce site Web ou le t\u00e9l\u00e9chargement de contenu \u00e0 partir de celui-ci ou vers lequel il redirige.<\/p>\n<p><strong>AVIS<\/strong><\/p>\n<p>Toutes les notifications et communications entre les utilisateurs et VEIGA DE LEIRAS SL<span>  <\/span>seront consid\u00e9r\u00e9es comme effectives, \u00e0 toutes fins utiles, lorsqu&rsquo;elles sont effectu\u00e9es par courrier, courrier \u00e9lectronique ou communication t\u00e9l\u00e9phonique. Les utilisateurs doivent contacter<span>  <\/span>VEIGA DE LEIRAS SL par:<\/p>\n<ol start=\"2\">\n<li>a) Envoyer par courrier \u00e0 l&rsquo;adresse suivante : rua das Pontes, 4, oficina2.10, cp 36350 Nigr\u00e1n<\/li>\n<li>b) Communication au moyen d&rsquo;un appel t\u00e9l\u00e9phonique au num\u00e9ro de t\u00e9l\u00e9phone: 681.010.872<\/li>\n<li>c) Envoi par e-mail \u00e0 l&rsquo;adresse suivante: <span><a href=\"mailto:info@ameigadasareas.com\">info@ameigadasareas.com<\/a><\/span><\/li>\n<\/ol>\n<p>En utilisant ce site Web, l&rsquo;utilisateur accepte implicitement que la plupart des communications se fassent par voie \u00e9lectronique. \u00c0 des fins contractuelles, l&rsquo;utilisateur consent \u00e0 utiliser ce moyen de communication \u00e9lectronique et reconna\u00eet que toute communication envoy\u00e9e par voie \u00e9lectronique est conforme aux exigences l\u00e9gales.<\/p>\n<p><strong>PROTECTION DES DONN\u00c9ES PERSONNELLES<\/strong><\/p>\n<p>Le propri\u00e9taire du site s&rsquo;engage \u00e0 traiter les donn\u00e9es personnelles de l&rsquo;utilisateur conform\u00e9ment aux dispositions de la l\u00e9gislation en vigueur en la mati\u00e8re. Plus pr\u00e9cis\u00e9ment, il s&rsquo;engage \u00e0 appliquer les dispositions de la <span><a href=\"http:\/\/app.vlex.com\/#vid\/748336069\" target=\"_blank\" rel=\"noopener\">LO 3\/2018, du 5 d\u00e9cembre<\/a><\/span>, sur la protection des donn\u00e9es personnelles et la garantie des droits num\u00e9riques, et du <span><a href=\"http:\/\/app.vlex.com\/#vid\/637528825\" target=\"_blank\" rel=\"noopener\">r\u00e8glement (UE) 2016\/679<\/a><\/span> du Parlement europ\u00e9en et du Conseil du 27 avril, 2016.<\/p>\n<p>Pour plus d&rsquo;informations sur le traitement de vos donn\u00e9es personnelles sur le portail, consultez la politique de confidentialit\u00e9.<\/p>\n<p><strong>PROPRI\u00c9T\u00c9 INTELLECTUELLE ET INDUSTRIELLE<\/strong><\/p>\n<p>Tous les contenus du site Web, entre autres, textes, photographies, graphiques, images, ic\u00f4nes, technologies, logiciels, liens et autres contenus audiovisuels, ainsi que sa conception graphique et ses codes sources, constituent une \u0153uvre dont la propri\u00e9t\u00e9 appartient \u00e0 VEIGA DE LEIRAS SL , sans qu&rsquo;aucun des droits d&rsquo;exploitation sur ceux-ci ne soit transf\u00e9r\u00e9 \u00e0 l&rsquo;utilisateur au-del\u00e0 de ce qui est strictement n\u00e9cessaire \u00e0 la bonne utilisation du site, et qu&rsquo;ils soient ou non susceptibles de propri\u00e9t\u00e9 intellectuelle.<\/p>\n<p>De m\u00eame, toutes les marques, noms commerciaux ou signes distinctifs de toute nature qui apparaissent sur le site sont la propri\u00e9t\u00e9 de VEIGA DE LEIRAS SL, sans qu&rsquo;il soit entendu que l&rsquo;utilisation ou l&rsquo;acc\u00e8s \u00e0 celui-ci attribue un droit sur eux \u00e0 l&rsquo;utilisateur.<\/p>\n<p>La reproduction totale ou partielle, l&rsquo;exploitation, la distribution, la modification, la cession ou la communication publique du contenu et tout autre acte non express\u00e9ment autoris\u00e9 par le titulaire des droits d&rsquo;exploitation sont interdits. Toute utilisation non pr\u00e9alablement autoris\u00e9e est consid\u00e9r\u00e9e comme une violation grave des droits de propri\u00e9t\u00e9 intellectuelle ou industrielle de l&rsquo;auteur.<\/p>\n<p>Pour faire tout type d&rsquo;observation concernant d&rsquo;\u00e9ventuelles violations des droits de propri\u00e9t\u00e9 intellectuelle ou industrielle, ainsi que de tout contenu du site Web, l&rsquo;utilisateur doit informer VEIGA DE LEIRAS SL de ladite circonstance, en joignant les informations pertinentes.<\/p>\n<p>Dans tous les cas, VEIGA DE LEIRAS SL<span> <\/span>n&rsquo;assume aucune responsabilit\u00e9 concernant les droits de propri\u00e9t\u00e9 intellectuelle ou industrielle d\u00e9tenus par des tiers qui sont viol\u00e9s par un tiers ou par l&rsquo;utilisateur.<\/p>\n<p><strong>LIENS<\/strong><\/p>\n<p>Le site Web de VEIGA DE LEIRAS SL peut contenir des liens ou des hyperliens vers d&rsquo;autres sites Internet, sur lesquels il n&rsquo;exerce aucun type de contr\u00f4le. Par cons\u00e9quent, une fois que l&rsquo;utilisateur acc\u00e8de aux liens tiers et quitte le site Web, le pr\u00e9sent avis juridique, la politique de confidentialit\u00e9 et la politique de cookies cesseront d&rsquo;avoir effet, car les sites Web auxquels l&rsquo;utilisateur acc\u00e8de sont soumis \u00e0 leurs propres politiques.<\/p>\n<p>VEIGA DE LEIRAS SL ne peut assumer aucune responsabilit\u00e9 pour le contenu pouvant appara\u00eetre sur les pages de tiers, ni ne garantit la disponibilit\u00e9 technique, la qualit\u00e9, la fiabilit\u00e9, l&rsquo;exactitude, l&rsquo;amplitude, la v\u00e9racit\u00e9, la validit\u00e9 et la constitutionnalit\u00e9 de tout mat\u00e9riel ou information contenu dans l&rsquo;un des lesdits liens ou hyperliens. De m\u00eame, l&rsquo;inclusion de ces connexions externes \u00e0 des sites Web externes n&rsquo;implique aucun type d&rsquo;association, de fusion ou de participation avec les entit\u00e9s connect\u00e9es.<\/p>\n<p><strong>EXCLUSION DE GARANTIES ET DE RESPONSABILIT\u00c9<\/strong><\/p>\n<p>Les informations fournies par ce site Web sont de nature g\u00e9n\u00e9rale et ont un but purement informatif, sans garantir pleinement l&rsquo;acc\u00e8s \u00e0 tous les contenus, ni leur exactitude, leur exhaustivit\u00e9, leur exactitude, leur validit\u00e9 ou leur actualit\u00e9, ni leur ad\u00e9quation ou leur utilit\u00e9 pour un objectif sp\u00e9cifique.<\/p>\n<p>VEIGA DE LEIRAS SL n&rsquo;est en aucun cas responsable des dommages de toute natures d\u00e9riv\u00e9s, \u00e0 titre d&rsquo;exemple:<\/p>\n<ul>\n<li>Liste sans ordre Erreurs ou omissions dans le contenu. VEIGA DE LEIRAS SL ne garantit pas que le contenu sera mis \u00e0 jour en permanence, ni qu&rsquo;il soit exempt de tout type d&rsquo;erreur.<\/li>\n<li>Liste sans ordre Absence de disponibilit\u00e9 du portail. VEIGA DE LEIRAS SL n&rsquo;est pas responsable des \u00e9ventuels dommages ou pertes g\u00e9n\u00e9r\u00e9s chez l&rsquo;utilisateur \u00e0 la suite de pannes ou de d\u00e9connexions des r\u00e9seaux de t\u00e9l\u00e9communication entra\u00eenant la suspension, l&rsquo;annulation ou l&rsquo;interruption du service du site Web, car le fonctionnement de ces r\u00e9seaux d\u00e9pend de tiers.<\/li>\n<li>Liste sans ordre Pr\u00e9sence de virus ou de programmes malveillants ou nuisibles dans le contenu pouvant alt\u00e9rer les syst\u00e8mes informatiques, les documents \u00e9lectroniques ou les donn\u00e9es des utilisateurs, malgr\u00e9 l&rsquo;adoption de toutes les mesures technologiques n\u00e9cessaires pour l&#8217;emp\u00eacher Il appartient \u00e0 l&rsquo;utilisateur, dans tous les cas, de disposer d&rsquo;outils ad\u00e9quats qui le prot\u00e8gent contre les programmes informatiques nuisibles.<\/li>\n<\/ul>\n<p><strong>LOI APPLICABLE ET JURIDICTION<\/strong><\/p>\n<p>Les relations \u00e9tablies entre VEIGA DE LEIRAS SL<span> <\/span>propri\u00e9taire du site Web, et l&rsquo;utilisateur seront r\u00e9gies par la r\u00e9glementation espagnole en vigueur et la r\u00e9solution de tout litige \u00e9ventuel qui pourrait survenir sera soumise aux Cours et Tribunaux de la ville de VIGO.<\/p>\n<p>[\/et_pb_text][\/et_pb_column][\/et_pb_row][\/et_pb_section]<\/p>\n","protected":false},"excerpt":{"rendered":"<p>VEIGA DE LEIRAS S.L. responsable de ce site Web, met ce document \u00e0 la disposition des internautes, dont le but est de se conformer aux obligations \u00e9tablies par la loi 34\/2002, du 11 juin, sur les services de la soci\u00e9t\u00e9 de l&rsquo;information et du commerce \u00e9lectronique (LSSICE) et d&rsquo;autres r\u00e9glementations applicables, ainsi que des informations [&hellip;]<\/p>\n","protected":false},"author":1,"featured_media":0,"parent":0,"menu_order":0,"comment_status":"closed","ping_status":"closed","template":"","meta":{"_et_pb_use_builder":"on","_et_pb_old_content":"","_et_gb_content_width":"","footnotes":"","_joinchat":[]},"_links":{"self":[{"href":"https:\/\/ameigadasareas.com\/fr\/wp-json\/wp\/v2\/pages\/1157"}],"collection":[{"href":"https:\/\/ameigadasareas.com\/fr\/wp-json\/wp\/v2\/pages"}],"about":[{"href":"https:\/\/ameigadasareas.com\/fr\/wp-json\/wp\/v2\/types\/page"}],"author":[{"embeddable":true,"href":"https:\/\/ameigadasareas.com\/fr\/wp-json\/wp\/v2\/users\/1"}],"replies":[{"embeddable":true,"href":"https:\/\/ameigadasareas.com\/fr\/wp-json\/wp\/v2\/comments?post=1157"}],"version-history":[{"count":2,"href":"https:\/\/ameigadasareas.com\/fr\/wp-json\/wp\/v2\/pages\/1157\/revisions"}],"predecessor-version":[{"id":1159,"href":"https:\/\/ameigadasareas.com\/fr\/wp-json\/wp\/v2\/pages\/1157\/revisions\/1159"}],"wp:attachment":[{"href":"https:\/\/ameigadasareas.com\/fr\/wp-json\/wp\/v2\/media?parent=1157"}],"curies":[{"name":"wp","href":"https:\/\/api.w.org\/{rel}","templated":true}]}}