{"id":1184,"date":"2021-07-14T17:54:54","date_gmt":"2021-07-14T15:54:54","guid":{"rendered":"http:\/\/ameigadasareas.com\/conditions-generales-et-reglement-interieur\/"},"modified":"2022-11-30T12:13:54","modified_gmt":"2022-11-30T10:13:54","slug":"conditions-generales-et-reglement-interieur","status":"publish","type":"page","link":"https:\/\/ameigadasareas.com\/fr\/conditions-generales-et-reglement-interieur\/","title":{"rendered":"Conditions g\u00e9n\u00e9rales et r\u00e8glement int\u00e9rieur"},"content":{"rendered":"<p>[et_pb_section fb_built=\u00a0\u00bb1&Prime; _builder_version=\u00a0\u00bb4.9.7&Prime; _module_preset=\u00a0\u00bbdefault\u00a0\u00bb background_image=\u00a0\u00bbhttp:\/\/ameigadasareas.com\/wp-content\/uploads\/2021\/05\/fondo-home.jpg\u00a0\u00bb parallax=\u00a0\u00bbon\u00a0\u00bb][\/et_pb_section][et_pb_section fb_built=\u00a0\u00bb1&Prime; _builder_version=\u00a0\u00bb4.9.7&Prime; _module_preset=\u00a0\u00bbdefault\u00a0\u00bb custom_padding=\u00a0\u00bb||7px|||\u00a0\u00bb][et_pb_row _builder_version=\u00a0\u00bb4.9.7&Prime; _module_preset=\u00a0\u00bbdefault\u00a0\u00bb custom_padding=\u00a0\u00bb||10px|||\u00a0\u00bb][et_pb_column type=\u00a0\u00bb4_4&Prime; _builder_version=\u00a0\u00bb4.9.7&Prime; _module_preset=\u00a0\u00bbdefault\u00a0\u00bb][et_pb_text module_class=\u00a0\u00bblust\u00a0\u00bb _builder_version=\u00a0\u00bb4.9.7&Prime; _dynamic_attributes=\u00a0\u00bbcontent\u00a0\u00bb _module_preset=\u00a0\u00bbdefault\u00a0\u00bb header_text_align=\u00a0\u00bbleft\u00a0\u00bb header_font_size=\u00a0\u00bb3em\u00a0\u00bb header_line_height=\u00a0\u00bb1.1em\u00a0\u00bb text_orientation=\u00a0\u00bbcenter\u00a0\u00bb width=\u00a0\u00bb100%\u00a0\u00bb custom_padding=\u00a0\u00bb36px||||false|false\u00a0\u00bb animation_style=\u00a0\u00bbslide\u00a0\u00bb animation_direction=\u00a0\u00bbtop\u00a0\u00bb animation_intensity_slide=\u00a0\u00bb4%\u00a0\u00bb]@ET-DC@eyJkeW5hbWljIjp0cnVlLCJjb250ZW50IjoicG9zdF90aXRsZSIsInNldHRpbmdzIjp7ImJlZm9yZSI6IjxoMT4iLCJhZnRlciI6IjxcL2gxPiJ9fQ==@[\/et_pb_text][\/et_pb_column][\/et_pb_row][\/et_pb_section][et_pb_section fb_built=\u00a0\u00bb1&Prime; module_id=\u00a0\u00bbtarifs\u00a0\u00bb _builder_version=\u00a0\u00bb4.9.7&Prime; _module_preset=\u00a0\u00bbdefault\u00a0\u00bb background_enable_image=\u00a0\u00bboff\u00a0\u00bb background_size=\u00a0\u00bbinitial\u00a0\u00bb background_position=\u00a0\u00bbtop_right\u00a0\u00bb custom_padding=\u00a0\u00bb6px||9px||false|false\u00a0\u00bb saved_tabs=\u00a0\u00bball\u00a0\u00bb][et_pb_row _builder_version=\u00a0\u00bb4.9.7&Prime; _module_preset=\u00a0\u00bbdefault\u00a0\u00bb custom_padding=\u00a0\u00bb||11px|||\u00a0\u00bb][et_pb_column type=\u00a0\u00bb4_4&Prime; _builder_version=\u00a0\u00bb4.9.7&Prime; _module_preset=\u00a0\u00bbdefault\u00a0\u00bb][et_pb_text disabled_on=\u00a0\u00bbon|on|on\u00a0\u00bb module_class=\u00a0\u00bblust\u00a0\u00bb _builder_version=\u00a0\u00bb4.9.7&Prime; _module_preset=\u00a0\u00bbdefault\u00a0\u00bb width=\u00a0\u00bb70%\u00a0\u00bb width_tablet=\u00a0\u00bb\u00a0\u00bb width_phone=\u00a0\u00bb\u00a0\u00bb width_last_edited=\u00a0\u00bbon|phone\u00a0\u00bb module_alignment=\u00a0\u00bbleft\u00a0\u00bb custom_margin=\u00a0\u00bb||4px|||\u00a0\u00bb custom_padding=\u00a0\u00bb25px||||false|false\u00a0\u00bb animation_style=\u00a0\u00bbslide\u00a0\u00bb animation_direction=\u00a0\u00bbtop\u00a0\u00bb animation_intensity_slide=\u00a0\u00bb4%\u00a0\u00bb header_2_line_height_tablet=\u00a0\u00bb\u00a0\u00bb header_2_line_height_phone=\u00a0\u00bb1em\u00a0\u00bb header_2_line_height_last_edited=\u00a0\u00bbon|phone\u00a0\u00bb disabled=\u00a0\u00bbon\u00a0\u00bb]<\/p>\n<h2 style=\"text-align: left;\">Comment r\u00e9server<\/h2>\n<p>Pour demander la disponibilit\u00e9 de l&rsquo;un des appartements, veuillez envoyer un e-mail \u00e0 l&rsquo;adresse suivante:<strong> info@ameigadasareas.com<\/strong><\/p>\n<p>[\/et_pb_text][et_pb_divider divider_weight=\u00a0\u00bb6px\u00a0\u00bb _builder_version=\u00a0\u00bb4.9.7&Prime; _module_preset=\u00a0\u00bbdefault\u00a0\u00bb max_width=\u00a0\u00bb17%\u00a0\u00bb custom_margin=\u00a0\u00bb||0px||false|false\u00a0\u00bb custom_padding=\u00a0\u00bb38px||0px||false|false\u00a0\u00bb][\/et_pb_divider][\/et_pb_column][\/et_pb_row][et_pb_row column_structure=\u00a0\u00bb2_5,3_5&Prime; use_custom_gutter=\u00a0\u00bbon\u00a0\u00bb gutter_width=\u00a0\u00bb1&Prime; disabled_on=\u00a0\u00bbon|on|on\u00a0\u00bb _builder_version=\u00a0\u00bb4.9.7&Prime; _module_preset=\u00a0\u00bbdefault\u00a0\u00bb custom_padding=\u00a0\u00bb12px||13px|||\u00a0\u00bb disabled=\u00a0\u00bbon\u00a0\u00bb][et_pb_column type=\u00a0\u00bb2_5&Prime; _builder_version=\u00a0\u00bb4.9.7&Prime; _module_preset=\u00a0\u00bbdefault\u00a0\u00bb][et_pb_text _builder_version=\u00a0\u00bb4.9.7&Prime; _module_preset=\u00a0\u00bbdefault\u00a0\u00bb text_font_size=\u00a0\u00bb17px\u00a0\u00bb text_line_height=\u00a0\u00bb1.5em\u00a0\u00bb width=\u00a0\u00bb100%\u00a0\u00bb]<\/p>\n<p>Les r\u00e9servations \u00e0 A MEIGA DAS AREA, se feront selon le nombre de nuit\u00e9es.<\/p>\n<p>Les p\u00e9riodes de r\u00e9serve minimales sont les suivantes :<\/p>\n<ul>\n<li><strong>Haute saison<\/strong>: Juillet et ao\u00fbt. <em>Min : 7 nuits. (avec arriv\u00e9e et d\u00e9part le samedi)<\/em><\/li>\n<li><strong>Moyenne saison<\/strong>: Juin, septembre et P\u00e2ques. <em>M\u00edn.: 5 nuits.<\/em><\/li>\n<li><strong>Basse saison<\/strong>: reste de l&rsquo;ann\u00e9e. <em>M\u00edn.: 2 nuits.<\/em><\/li>\n<\/ul>\n<p>&nbsp;<\/p>\n<p>[\/et_pb_text][\/et_pb_column][et_pb_column type=\u00a0\u00bb3_5&Prime; _builder_version=\u00a0\u00bb4.9.7&Prime; _module_preset=\u00a0\u00bbdefault\u00a0\u00bb][et_pb_text _builder_version=\u00a0\u00bb4.9.7&Prime; _module_preset=\u00a0\u00bbdefault\u00a0\u00bb text_font_size=\u00a0\u00bb16px\u00a0\u00bb custom_margin=\u00a0\u00bb|||53px||\u00a0\u00bb]<\/p>\n<table style=\"width: 693px;\" border=\"0\" width=\"614\" cellspacing=\"0\" cellpadding=\"0\">\n<colgroup>\n<col width=\"187\">\n<col span=\"3\" width=\"119\"><\/colgroup>\n<tbody>\n<tr>\n<td class=\"xl65\" style=\"width: 240.859375px;\" height=\"41\"><strong>Prix par nuit<\/strong><\/td>\n<td class=\"xl67\" style=\"width: 153.640625px; text-align: left;\"><strong>T. Haut<\/strong><\/td>\n<td class=\"xl67\" style=\"width: 153.703125px; text-align: left;\"><strong>T. Moyenne<\/strong><\/td>\n<td class=\"xl68\" style=\"width: 134.828125px; text-align: left;\"><strong>T. Basse<\/strong><\/td>\n<\/tr>\n<tr>\n<td class=\"xl64\" style=\"width: 240.859375px; text-align: left;\" height=\"41\"><a href=\"https:\/\/ameigadasareas.com\/fr\/alojamientos\/a-meiga-1\/\">Ap. 1 (avec terrasse ext\u00e9rieure)<\/a><\/td>\n<td class=\"xl63\" style=\"width: 153.640625px;\">135,00 \u20ac<\/td>\n<td class=\"xl63\" style=\"width: 153.703125px;\">115,00 \u20ac<\/td>\n<td class=\"xl63\" style=\"width: 134.828125px;\">95,00 \u20ac<\/td>\n<\/tr>\n<tr>\n<td class=\"xl64\" style=\"width: 240.859375px;\" height=\"41\"><a href=\"https:\/\/ameigadasareas.com\/fr\/alojamientos\/a-meiga-2\/\">Ap. 2 (avec terrasse ext\u00e9rieure)<\/a><\/td>\n<td class=\"xl63\" style=\"width: 153.640625px;\">135,00 \u20ac<\/td>\n<td class=\"xl63\" style=\"width: 153.703125px;\">115,00 \u20ac<\/td>\n<td class=\"xl63\" style=\"width: 134.828125px;\">95,00 \u20ac<\/td>\n<\/tr>\n<tr>\n<td class=\"xl64\" style=\"width: 240.859375px;\" height=\"41\"><a href=\"https:\/\/ameigadasareas.com\/fr\/alojamientos\/a-meiga-3\/\">Ap. 3<\/a><\/td>\n<td class=\"xl63\" style=\"width: 153.640625px;\">120,00 \u20ac<\/td>\n<td class=\"xl63\" style=\"width: 153.703125px;\">100,00 \u20ac<\/td>\n<td class=\"xl63\" style=\"width: 134.828125px;\">80,00 \u20ac<\/td>\n<\/tr>\n<tr>\n<td class=\"xl64\" style=\"width: 240.859375px;\" height=\"41\"><a href=\"https:\/\/ameigadasareas.com\/fr\/alojamientos\/a-meiga-4\/\">Ap. 4<\/a><\/td>\n<td class=\"xl63\" style=\"width: 153.640625px;\">120,00 \u20ac<\/td>\n<td class=\"xl63\" style=\"width: 153.703125px;\">100,00 \u20ac<\/td>\n<td class=\"xl63\" style=\"width: 134.828125px;\">80,00 \u20ac<\/td>\n<\/tr>\n<\/tbody>\n<\/table>\n<p><em>Prix pour 1 ou 2 personnes (max.). Un suppl\u00e9ment de 15 euros sera factur\u00e9 pour chaque personne suppl\u00e9mentaire.<\/em><\/p>\n<p>[\/et_pb_text][\/et_pb_column][\/et_pb_row][et_pb_row _builder_version=\u00a0\u00bb4.9.7&Prime; _module_preset=\u00a0\u00bbdefault\u00a0\u00bb custom_padding=\u00a0\u00bb|0px||0px|false|false\u00a0\u00bb][et_pb_column type=\u00a0\u00bb4_4&Prime; _builder_version=\u00a0\u00bb4.9.7&Prime; _module_preset=\u00a0\u00bbdefault\u00a0\u00bb][et_pb_text _builder_version=\u00a0\u00bb4.9.7&Prime; _module_preset=\u00a0\u00bbdefault\u00a0\u00bb max_width=\u00a0\u00bb900px\u00a0\u00bb]<\/p>\n<p>R\u00faa Vista \u00f3 mar, n\u00ba 3, c.p. 36370. Nigr\u00e1n (Pontevedra). Espagne<\/p>\n<p><strong>www.ameigadasareas.com<\/strong><\/p>\n<p><a href=\"mailto:Telefono%20de%20atenci%C3%B3n%20+34%20681%20010%20872\">T\u00e9l\u00e9phone +34 681 010 872<\/a> <span> <\/span><span> <\/span>Courriel: <a href=\"mailto:info@ameigadasareas.com\">info@ameigadasareas.com<\/a><\/p>\n<p>[\/et_pb_text][et_pb_text _builder_version=\u00a0\u00bb4.9.7&Prime; _module_preset=\u00a0\u00bbdefault\u00a0\u00bb max_width=\u00a0\u00bb900px\u00a0\u00bb]<\/p>\n<p>\u00c9TABLISSEMENT H\u00d4TEL ENREGISTR\u00c9 AU REGISTRE DES ENTREPRISES ET DES ACTIVIT\u00c9S TOURISTIQUES DE LA GALICE CCAA sous le <span>num\u00e9ro H-PO-002214<\/span><\/p>\n<p>Groupe: II<br \/>Cat\u00e9gorie: 2 \u00e9toiles<br \/>Modalit\u00e9: pension<\/p>\n<p>[\/et_pb_text][et_pb_text _builder_version=\u00a0\u00bb4.9.7&Prime; _module_preset=\u00a0\u00bbdefault\u00a0\u00bb max_width=\u00a0\u00bb900px\u00a0\u00bb]<\/p>\n<p><strong>APTITUDE<\/strong><\/p>\n<ul>\n<li>Appartement 1: <strong><em>4 couchages<\/em><\/strong><\/li>\n<li>Appartement 2: <em><strong>4 couchages<\/strong><\/em><\/li>\n<li>Appartement 3: <em><strong>2 couchages<\/strong><\/em><\/li>\n<li>Appartement 4: <em><strong>4 couchages<\/strong><\/em><\/li>\n<\/ul>\n<p>[\/et_pb_text][\/et_pb_column][\/et_pb_row][\/et_pb_section][et_pb_section fb_built=\u00a0\u00bb1&Prime; _builder_version=\u00a0\u00bb4.9.7&Prime; _module_preset=\u00a0\u00bbdefault\u00a0\u00bb custom_padding=\u00a0\u00bb9px|||||\u00a0\u00bb][et_pb_row _builder_version=\u00a0\u00bb4.9.7&Prime; _module_preset=\u00a0\u00bbdefault\u00a0\u00bb background_enable_color=\u00a0\u00bboff\u00a0\u00bb width=\u00a0\u00bb100%\u00a0\u00bb max_width=\u00a0\u00bb1920px\u00a0\u00bb module_alignment=\u00a0\u00bbcenter\u00a0\u00bb custom_padding=\u00a0\u00bb15px||||false|false\u00a0\u00bb saved_tabs=\u00a0\u00bball\u00a0\u00bb][et_pb_column type=\u00a0\u00bb4_4&Prime; _builder_version=\u00a0\u00bb4.9.7&Prime; _module_preset=\u00a0\u00bbdefault\u00a0\u00bb][et_pb_text _builder_version=\u00a0\u00bb4.9.7&Prime; _module_preset=\u00a0\u00bbdefault\u00a0\u00bb text_font_size=\u00a0\u00bb17px\u00a0\u00bb max_width=\u00a0\u00bb900px\u00a0\u00bb]<\/p>\n<p><strong>Il est interdit de fumer \u00e0 l&rsquo;int\u00e9rieur de l\u2019\u00e9tablissement .<\/strong><\/p>\n<p><strong>Il est interdit de d\u00e9passer l&rsquo;occupation maximale de l&rsquo;\u00e9tablissement.<\/strong><\/p>\n<p><strong>Les animaux ne sont pas admis.<\/strong><\/p>\n<p><strong><\/strong><\/p>\n<p><strong>R\u00e9servations<\/strong><\/p>\n<p>Les r\u00e9servations \u00e0 A MEIGA DAS AREA, se feront selon le nombre de nuit\u00e9es.<\/p>\n<p>Pour les enfants de moins de 2 ans, un lit b\u00e9b\u00e9<span> <\/span>gratuit est disponible sur demande au moment de la formalisation de la r\u00e9servation et sous r\u00e9serve de confirmation de disponibilit\u00e9. <\/p>\n<p><strong>Arriv\u00e9e et d\u00e9part <\/strong><\/p>\n<p> L&rsquo;heure d&rsquo;entr\u00e9e dans le logement A MEIGA DAS AREAS, <span> <\/span>se fera entre 15h00 \u00e0 18h00. le premier jour contractuel, sauf convention contraire. Il est recommand\u00e9 au client d&rsquo;informer l&rsquo;heure approximative d&rsquo;arriv\u00e9e.<\/p>\n<p>Il est obligatoire que le client propri\u00e9taire de la r\u00e9servation remplisse et signe la <strong>FICHE D&rsquo;ADMISSION,<\/strong> et fournisse \u00e0 son arriv\u00e9e les pi\u00e8ces d&rsquo;identit\u00e9 exig\u00e9es par l&rsquo;\u00e9tablissement pour se conformer \u00e0 ses obligations l\u00e9gales.<\/p>\n<p>Le d\u00e9part doit \u00eatre effectu\u00e9 avant 12h00 le dernier jour, sauf accord contraire. La prolongation de l&rsquo;occupation pour une dur\u00e9e sup\u00e9rieure \u00e0 celle d\u00e9crite, sans accord pr\u00e9alable, entra\u00eenera l&rsquo;obligation de payer un jour de plus sur le prix de l&rsquo;appartement.<\/p>\n<p>Lorsqu&rsquo;il y a une r\u00e9servation formalis\u00e9e \u00e0 l&rsquo;avance et que le client quitte le logement avant la date convenue, l&rsquo;\u00e9tablissement peut facturer au client (sauf lorsque le d\u00e9sistement intervient pour cause de force majeure ou d&rsquo;\u00e9v\u00e9nement grave auquel le client doit inexcusablement assister):<\/p>\n<ol>\n<li>a) 100% des prix correspondant aux services fournis.<\/li>\n<li>b) Le montant de l&rsquo;acompte convenu, au prorata des jours restants jusqu&rsquo;\u00e0 la date de d\u00e9part fix\u00e9e dans le document de r\u00e9servation.<\/li>\n<\/ol>\n<p><strong>Nombre d&rsquo;invit\u00e9s et \u00e2ge<\/strong><\/p>\n<p>Au moment de la <span> <\/span>r\u00e9servation, <span> <\/span>le nombre de personnes qui occuperont l&rsquo;appartement, y compris les enfants, quel que soit leur \u00e2ge, doit \u00eatre correctement d\u00e9clar\u00e9.<\/p>\n<p>Le s\u00e9jour de plus de personnes que celles indiqu\u00e9es dans la fiche d&rsquo;admission par le client ne sera pas admis. A MEIGA DAS AREAS<span>  <\/span>peut l\u00e9galement refuser l&rsquo;entr\u00e9e de personnes non d\u00e9clar\u00e9es, sans qu&rsquo;une r\u00e9clamation ne soit faite \u00e0 ce titre.<\/p>\n<p>A MEIGA DAS AREAS doit \u00eatre inform\u00e9 avant d&rsquo;effectuer la r\u00e9servation si les clients ont moins de 18 ans voyageant seuls, notre approbation expresse \u00e9tant n\u00e9cessaire au moment de la r\u00e9servation.<\/p>\n<p>Dans le cas o\u00f9 cette notification pr\u00e9alable n&rsquo;est pas faite, A MEIGA DAS AREAS<span> <\/span>se r\u00e9serve <span> <\/span>le droit de refuser l&rsquo;h\u00e9bergement aux moins de 18 ans qui se pr\u00e9sentent sans accompagnateur adulte.<\/p>\n<p><strong>Utilisation des services <\/strong><strong> <\/strong>A MEIGA DAS AREAS<span> <\/span>ne<span> <\/span>permettra l&rsquo;acc\u00e8s \u00e0 l&rsquo;\u00e9tablissement qu&rsquo;aux clients enregistr\u00e9s.<\/p>\n<p>A MEIGA DAS AREAS <span> <\/span>n&rsquo;accepte pas les animaux.<\/p>\n<p>Il est interdit de fumer \u00e0 l&rsquo;int\u00e9rieur de l&rsquo;\u00e9tablissement.<\/p>\n<p>Le nettoyage de chaque appartement est \u00e0 la charge de l&rsquo;\u00e9tablissement.<\/p>\n<p>La circulation et le s\u00e9jour au sein de l&rsquo;\u00e9tablissement se feront uniquement dans les lieux r\u00e9serv\u00e9s aux clients, sans que ceux-ci ne puissent en aucun cas acc\u00e9der aux chambres ou espaces r\u00e9serv\u00e9s ou privatifs.<\/p>\n<p>L&rsquo;\u00e9tablissement dispose d&rsquo;une t\u00e9l\u00e9vision dans chacun des appartements. Les services de t\u00e9l\u00e9vision, internet, Wi-Fi sont fournis sous r\u00e9serve des conditions techniques du fournisseur, et l&rsquo;\u00e9tablissement n&rsquo;est pas responsable des interruptions qui pourraient survenir, ni de la qualit\u00e9 du r\u00e9seau.<\/p>\n<p>Les lumi\u00e8res des pi\u00e8ces non utilis\u00e9es doivent \u00eatre \u00e9teintes afin de favoriser les \u00e9conomies d&rsquo;\u00e9nergie.<\/p>\n<p>Les utilisateurs doivent \u00e9viter de faire du bruit inutilement, en particulier pendant la nuit et les heures de sieste.<\/p>\n<p>Le client qui signe la feuille d&rsquo;admission est responsable du bon comportement de toutes les personnes qui l&rsquo;accompagnent. Si cette personne ou l&rsquo;un des accompagnants ne se comporte pas de mani\u00e8re appropri\u00e9e, A MEIGA DAS AREAS<span>   <\/span>est autoris\u00e9e \u00e0 demander au client et \u00e0 ses accompagnants de quitter imm\u00e9diatement l&rsquo;\u00e9tablissement sans que le client puisse pr\u00e9tendre \u00e0 une quelconque indemnit\u00e9.<\/p>\n<p>L&rsquo;aide des agents de l&rsquo;autorit\u00e9 peut m\u00eame \u00eatre sollicit\u00e9e pour expulser les usagers qui ne respectent pas les r\u00e8gles ou qui entendent acc\u00e9der ou s\u00e9journer dans l&rsquo;\u00e9tablissement dans un but autre que l&rsquo;utilisation normale du service d&rsquo;h\u00e9bergement.<\/p>\n<p>L&rsquo;introduction dans les appartements d&rsquo;objets mobiliers autres que ceux usuels pour un touriste ne sera pas autoris\u00e9e.<\/p>\n<p>L&rsquo;introduction dans les appartements d&rsquo;appareils \u00e9lectriques ou \u00e0 gaz ne sera pas autoris\u00e9e, \u00e0 la seule exception de ceux destin\u00e9s \u00e0 l&rsquo;hygi\u00e8ne personnelle.<\/p>\n<p>Il sera interdit d&rsquo;exercer l&rsquo;activit\u00e9 d&rsquo;h\u00e9bergement dans les appartements ou de les utiliser \u00e0 des fins autres que celles pour lesquelles ils ont \u00e9t\u00e9 contract\u00e9s, telles que : organisation de f\u00eates, sous-traitance des activit\u00e9s des appartements \u00e0 des tiers, etc.<\/p>\n<p>Le mobilier et les ustensiles des appartements ont \u00e9t\u00e9 agenc\u00e9s avec l&rsquo;intention de rendre agr\u00e9able le s\u00e9jour des occupants. Veuillez l&rsquo;utiliser de mani\u00e8re appropri\u00e9e et respectueuse. Les objets mentionn\u00e9s sont la propri\u00e9t\u00e9 de l&rsquo;\u00e9tablissement, donc en cas de perte, de vol ou de d\u00e9t\u00e9rioration injustifi\u00e9e de ceux-ci, l&rsquo;\u00e9tablissement se r\u00e9serve le droit d&rsquo;exiger le paiement correspondant du client. <\/p>\n<p>Il est de la responsabilit\u00e9 de l&rsquo;utilisateur de faire usage des services fournis par<span>  <\/span>A MEIGA DAS AREAS<span>  <\/span>conform\u00e9ment \u00e0 la Loi, la morale, les bonnes m\u0153urs et l&rsquo;ordre public, ainsi qu&rsquo;aux dispositions des pr\u00e9sentes Conditions G\u00e9n\u00e9rales. En cons\u00e9quence, le client s\u2019engage \u00e0 ne pas utiliser les services \u00e0 des fins ou effets illicites et\/ou contraires \u00e0 ce qui est \u00e9tabli dans les pr\u00e9sentes Conditions G\u00e9n\u00e9rales de Contrat, pr\u00e9judiciables aux droits et\/ou int\u00e9r\u00eats de tiers ou pouvant, de quelque mani\u00e8re que ce soit, puisse porter pr\u00e9judice aux services, et\/ou \u00e0 VEIGA DE LEIRAS S.L.<span>  <\/span>et\/ou \u00e0 l\u2019 image et la marque<span>  <\/span>A MEIGA DAS AREAS.<\/p>\n<p><strong>Coffre fort.<span>  <\/span>Objets perdus.<\/strong> <\/p>\n<p>Le client peut d\u00e9poser ses objets de valeur dans le coffre-fort disponible \u00e0 cet effet, sans frais suppl\u00e9mentaires.<\/p>\n<p>L&rsquo;\u00e9tablissement n&rsquo;est pas responsable des vols, cambriolages ou pertes d&rsquo;objets \u00e0 l&rsquo;int\u00e9rieur de l&rsquo;\u00e9tablissement, m\u00eame ceux d\u00e9pos\u00e9s dans le coffre-fort.<\/p>\n<p>L&rsquo;\u00e9tablissement n&rsquo;est pas responsable de la perte ou de l&rsquo;oubli d&rsquo;objets. Toutefois, s&rsquo;ils sont retrouv\u00e9s dans l&rsquo;\u00e9tablissement, ce dernier contactera le client pour le pr\u00e9venir et convenir du mode de livraison, qui n&rsquo;entra\u00eenera en aucun cas de frais ou de gestion pour l&rsquo;\u00e9tablissement. En aucun cas ne seront stock\u00e9s : sous-v\u00eatements, chaussons ou produits de toilette. Les objets perdus seront conserv\u00e9s pendant une dur\u00e9e maximale de 30 jours.<\/p>\n<p><strong>Droits d&rsquo;admission.<\/strong><\/p>\n<p>selon ses crit\u00e8res, peut emp\u00eacher l&rsquo;acc\u00e8s et\/ou la permanence des personnes, m\u00eame lorsqu&rsquo;elles ont formalis\u00e9 la r\u00e9servation ou sont d\u00e9j\u00e0 en s\u00e9jour, dans les cas suivants:<\/p>\n<p>a.- Lorsque<span> <\/span>l&rsquo;heure d&rsquo;entr\u00e9e pr\u00e9vue a \u00e9t\u00e9 d\u00e9pass\u00e9e, conform\u00e9ment aux dispositions l\u00e9gales.<\/p>\n<p>b.- Dans le cas de mineurs non accompagn\u00e9s de leur p\u00e8re, m\u00e8re ou tuteur.<\/p>\n<p>c.- Lorsque la personne qui a l&rsquo;intention d&rsquo;acc\u00e9der n&rsquo;a pas pay\u00e9 ce qui est d\u00fb dans les cas o\u00f9 il est requis.<\/p>\n<p>d.- Lorsque la personne manifeste des attitudes violentes, se comporte de mani\u00e8re agressive, provoque des altercations, provoque des situations dangereuses. Un malaise, ou ne respecte pas les conditions d&rsquo;hygi\u00e8ne.<\/p>\n<p>e.- Lorsque la personne porte des armes et des objets pouvant \u00eatre utilis\u00e9s comme tels, sauf dans le cas des membres des Forces et Corps de S\u00e9curit\u00e9 ou le service de s\u00e9curit\u00e9 d\u2019entreprises priv\u00e9es dans l&rsquo;exercice de leurs fonctions.<\/p>\n<p>f.- Lorsque la personne consomme des drogues, des substances narcotiques ou psychotropes, ou pr\u00e9sente des sympt\u00f4mes, des signes ou des comportements d&rsquo;en avoir consomm\u00e9 ou d&rsquo;\u00eatre en \u00e9tat d&rsquo;\u00e9bri\u00e9t\u00e9.<\/p>\n<p>g.- Lorsque la personne provoque du bruit qui perturbe le d\u00e9veloppement normal de l&rsquo;\u00e9tablissement.<\/p>\n<p>h.- Lors de l&rsquo;adoption de mesures ou d&rsquo;attitudes contre la sant\u00e9 et la propret\u00e9 de l&rsquo;\u00e9tablissement.<\/p>\n<p>i.- Lorsque la coexistence sociale normale de l&rsquo;\u00e9tablissement est viol\u00e9e.<\/p>\n<p>Dans les cas d\u00e9crits, les d\u00e9penses g\u00e9n\u00e9r\u00e9es jusqu&rsquo;\u00e0 l&rsquo;interdiction d&rsquo;acc\u00e8s ou de s\u00e9jour dans l&rsquo;\u00e9tablissement seront pay\u00e9es et, si la dur\u00e9e du s\u00e9jour n&rsquo;a pas \u00e9t\u00e9 \u00e9puis\u00e9e, le montant total de celles-ci.<\/p>\n<p><strong>Suggestions<\/strong><strong> <\/strong><\/p>\n<p>A MEIGA DAS AREAS<span> <\/span>est reconnaissant <span> <\/span>pour toutes les suggestions faites par les clients afin de rendre les futurs s\u00e9jours plus agr\u00e9ables.<span>  <\/span><\/p>\n<p>Et en cas de constatation d&rsquo;une lacune, ou suggestion,<span>  <\/span>il serait appr\u00e9ci\u00e9 qu\u2019elle soit communiqu\u00e9e le plus t\u00f4t possible et pendant le s\u00e9jour, afin de donner la possibilit\u00e9 de la corriger au cours de celui-ci. Elle peut \u00e9galement se faire via<span>  <\/span>l&rsquo;adresse e-mail: <a href=\"mailto:info@ameigadasareas.com\"><strong>info@ameigadasareas.com<\/strong><\/a><\/p>\n<p>Tout ce qui n&rsquo;est pas express\u00e9ment sp\u00e9cifi\u00e9 dans les conditions d&rsquo;utilisation et d&rsquo;exploitation<span> <\/span>expos\u00e9es, la l\u00e9gislation en vigueur sur le Tourisme,<span> <\/span>sera appliqu\u00e9e<span> <\/span>en particulier le d\u00e9cret 179\/2011 du 8 septembre.<\/p>\n<p>[\/et_pb_text][\/et_pb_column][\/et_pb_row][\/et_pb_section]<\/p>\n","protected":false},"excerpt":{"rendered":"<p>Comment r\u00e9server Pour demander la disponibilit\u00e9 de l&rsquo;un des appartements, veuillez envoyer un e-mail \u00e0 l&rsquo;adresse suivante: info@ameigadasareas.comLes r\u00e9servations \u00e0 A MEIGA DAS AREA, se feront selon le nombre de nuit\u00e9es. Les p\u00e9riodes de r\u00e9serve minimales sont les suivantes : Haute saison: Juillet et ao\u00fbt. Min : 7 nuits. (avec arriv\u00e9e et d\u00e9part le samedi) [&hellip;]<\/p>\n","protected":false},"author":1,"featured_media":0,"parent":0,"menu_order":0,"comment_status":"closed","ping_status":"closed","template":"","meta":{"_et_pb_use_builder":"on","_et_pb_old_content":"","_et_gb_content_width":"","footnotes":"","_joinchat":[]},"_links":{"self":[{"href":"https:\/\/ameigadasareas.com\/fr\/wp-json\/wp\/v2\/pages\/1184"}],"collection":[{"href":"https:\/\/ameigadasareas.com\/fr\/wp-json\/wp\/v2\/pages"}],"about":[{"href":"https:\/\/ameigadasareas.com\/fr\/wp-json\/wp\/v2\/types\/page"}],"author":[{"embeddable":true,"href":"https:\/\/ameigadasareas.com\/fr\/wp-json\/wp\/v2\/users\/1"}],"replies":[{"embeddable":true,"href":"https:\/\/ameigadasareas.com\/fr\/wp-json\/wp\/v2\/comments?post=1184"}],"version-history":[{"count":5,"href":"https:\/\/ameigadasareas.com\/fr\/wp-json\/wp\/v2\/pages\/1184\/revisions"}],"predecessor-version":[{"id":1189,"href":"https:\/\/ameigadasareas.com\/fr\/wp-json\/wp\/v2\/pages\/1184\/revisions\/1189"}],"wp:attachment":[{"href":"https:\/\/ameigadasareas.com\/fr\/wp-json\/wp\/v2\/media?parent=1184"}],"curies":[{"name":"wp","href":"https:\/\/api.w.org\/{rel}","templated":true}]}}